{"id":3,"date":"2020-11-17T16:46:16","date_gmt":"2020-11-17T16:46:16","guid":{"rendered":"http:\/\/www.jmhogar.com\/?page_id=3"},"modified":"2021-08-18T15:35:29","modified_gmt":"2021-08-18T15:35:29","slug":"politica-privacidad","status":"publish","type":"page","link":"https:\/\/www.elbazardejoaqui.com\/?page_id=3","title":{"rendered":"Pol\u00edtica de privacidad"},"content":{"rendered":"\t\t<div data-elementor-type=\"wp-page\" data-elementor-id=\"3\" class=\"elementor elementor-3\">\n\t\t\t\t\t\t<section class=\"elementor-section elementor-top-section elementor-element elementor-element-3ad3e041 elementor-section-boxed elementor-section-height-default elementor-section-height-default\" data-id=\"3ad3e041\" data-element_type=\"section\">\n\t\t\t\t\t\t<div class=\"elementor-container elementor-column-gap-default\">\n\t\t\t\t\t<div class=\"elementor-column elementor-col-100 elementor-top-column elementor-element elementor-element-7c47ac19\" data-id=\"7c47ac19\" data-element_type=\"column\">\n\t\t\t<div class=\"elementor-widget-wrap elementor-element-populated\">\n\t\t\t\t\t\t<div class=\"elementor-element elementor-element-4a7e4648 elementor-widget elementor-widget-text-editor\" data-id=\"4a7e4648\" data-element_type=\"widget\" data-widget_type=\"text-editor.default\">\n\t\t\t\t<div class=\"elementor-widget-container\">\n\t\t\t\t\t\t\t\t\t<p><\/p>\n<h2 class=\"wp-block-heading\">Qui\u00e9nes somos<\/h2>\n<p><\/p>\n<p><\/p>\n<p>La direcci\u00f3n de nuestra web es: https:\/\/www.elbazardejoaqui.com<\/p>\n<p><\/p>\n<p><\/p>\n<p>De conformidad con el Reglamento (UE) 2016\/679 del Parlamento Europeo y del Consejo, de 27 de abril de 2016 (RGPD), con la Ley Org\u00e1nica 3\/2018, de 5 de diciembre, de Protecci\u00f3n de Datos y Garant\u00eda de los Derechos Digitales y con el resto de la legislaci\u00f3n aplicable en Espa\u00f1a en materia de protecci\u00f3n de datos personales, ponemos en su conocimiento la siguiente informaci\u00f3n:<\/p>\n<p><\/p>\n<p><\/p>\n<p><strong>\u00a0\u00bfQUI\u00c9N ES EL RESPONSABLE DE TRATAMIENTO DE SUS DATOS PERSONALES?<\/strong><\/p>\n<p><\/p>\n<p><\/p>\n<p>El bazar de Joaqui (CIF: 05883782Z) es el Responsable de Tratamiento de los datos personales obtenidos a trav\u00e9s del sitio web <a href=\"https:\/\/www.merkal.com\/link\/c987bb34945f4fe09420701144b481ca.aspx\">www.elbazardejoaqui.com<\/a>.<\/p>\n<p><\/p>\n<p><\/p>\n<h2 class=\"wp-block-heading\">Qu\u00e9 datos personales recogemos y por qu\u00e9 los recogemos<\/h2>\n<p><\/p>\n<p><\/p>\n<ul class=\"wp-block-list\">\n<li>Gesti\u00f3n de solicitudes de informaci\u00f3n por parte del usuario. Base de legitimaci\u00f3n: consentimiento del interesado (art. 6.1 a) GDPR).<\/li>\n<li>Gesti\u00f3n fiscal, contable y administrativa de compras y devoluciones, tanto en modalidad online como en tienda f\u00edsica. Base de legitimaci\u00f3n: necesidad para la ejecuci\u00f3n contractual (art. 6.1 b) RGPD) y cumplimiento de obligaci\u00f3n legal (art. 6.1 c) RGPD).<\/li>\n<li>Gesti\u00f3n de entregas de productos a domicilio. Base de legitimaci\u00f3n: necesidad para la ejecuci\u00f3n contractual (art. 6.1 b) RGPD).<\/li>\n<li>Registro y gesti\u00f3n de suscripci\u00f3n a nuestro bolet\u00edn informativo\/ <em>newsletter<\/em>. Base de legitimaci\u00f3n: respecto al cliente potencial, la existencia de consentimiento expreso (art. 6.1 a) GDPR); respecto al cliente, la existencia de inter\u00e9s leg\u00edtimo (art. 6.1 f) RGPD).<\/li>\n<li>Participaci\u00f3n en encuestas de calidad y satisfacci\u00f3n. Base de legitimaci\u00f3n: consentimiento del interesado (art. 6.1 a) GDPR).<\/li>\n<li>Gesti\u00f3n de reclamaciones; gesti\u00f3n de solicitudes de ejercicio de derechos en materia de protecci\u00f3n de datos personales y comunicaciones derivadas de violaciones de seguridad. Base de legitimaci\u00f3n: cumplimiento de obligaci\u00f3n legal (art. 6.1 c) RGPD).<\/li>\n<li>Gesti\u00f3n de su participaci\u00f3n en sorteos y concursos promocionales organizados por el Bazar de Joaqui.com. Base de legitimaci\u00f3n: existencia de consentimiento (Art. 6.1 a) RGPD).<\/li>\n<li>Env\u00edo de informaci\u00f3n promocional y, en general, comercial relacionada con productos y\/o servicios suministrados o prestados por el Bazar de Joaqui anteriormente. Base de legitimaci\u00f3n: existencia de inter\u00e9s leg\u00edtimo del Responsable (Art. 6.1 f) GDPR).<\/li>\n<li>Administraci\u00f3n del blog corporativo. Base de legitimaci\u00f3n: existencia de consentimiento expreso (Art. 6.1 a) GDPR) vinculado a su registro como participante.<\/li>\n<\/ul>\n<p><\/p>\n<p><\/p>\n<p>En el supuesto de que usted nos comunique su oposici\u00f3n al tratamiento de tus datos con fines comerciales, incluyendo la elaboraci\u00f3n de perfiles, esto no afectar\u00e1 a tu relaci\u00f3n con el Bazar de Joaqui, aunque no podremos ofrecerle los productos y servicios de forma personalizada.<\/p>\n<p><\/p>\n<p><\/p>\n<h3 class=\"wp-block-heading\">Comentarios<\/h3>\n<p><\/p>\n<p><\/p>\n<p>Cuando los visitantes dejan comentarios en la web, recopilamos los datos que se muestran en el formulario de comentarios, as\u00ed como la direcci\u00f3n IP del visitante y la cadena de agentes de usuario del navegador para ayudar a la detecci\u00f3n de spam.<\/p>\n<p><\/p>\n<p><\/p>\n<p>Una cadena an\u00f3nima creada a partir de tu direcci\u00f3n de correo electr\u00f3nico (tambi\u00e9n llamada hash) puede ser proporcionada al servicio de Gravatar para ver si la est\u00e1s usando. La pol\u00edtica de privacidad del servicio Gravatar est\u00e1 disponible aqu\u00ed: https:\/\/automattic.com\/privacy\/. Despu\u00e9s de la aprobaci\u00f3n de tu comentario, la imagen de tu perfil es visible para el p\u00fablico en el contexto de tu comentario.<\/p>\n<p><\/p>\n<p><\/p>\n<h3 class=\"wp-block-heading\">Medios<\/h3>\n<p><\/p>\n<p><\/p>\n<p>Si subes im\u00e1genes a la web, deber\u00edas evitar subir im\u00e1genes con datos de ubicaci\u00f3n (GPS EXIF) incluidos. Los visitantes de la web pueden descargar y extraer cualquier dato de ubicaci\u00f3n de las im\u00e1genes de la web.<\/p>\n<p><\/p>\n<p><\/p>\n<h3 class=\"wp-block-heading\">Formularios de contacto<\/h3>\n<p><\/p>\n<p><\/p>\n<p>Los datos obligatorios de cada formulario est\u00e1n identificados como tales en los formularios. La negativa a suministrar dicha informaci\u00f3n impedir\u00e1 la comunicaci\u00f3n con el USUARIO y, en su caso, la imposibilidad de facilitarle la informaci\u00f3n y\/o prestaci\u00f3n solicitada.<\/p>\n<p><\/p>\n<p><\/p>\n<h3 class=\"wp-block-heading\">Cookies<\/h3>\n<p><\/p>\n<p><\/p>\n<p>Si dejas un comentario en nuestro sitio puedes elegir guardar tu nombre, direcci\u00f3n de correo electr\u00f3nico y web en cookies. Esto es para tu comodidad, para que no tengas que volver a rellenar tus datos cuando dejes otro comentario. Estas cookies tendr\u00e1n una duraci\u00f3n de un a\u00f1o.<\/p>\n<p><\/p>\n<p><\/p>\n<p>Si tienes una cuenta y te conectas a este sitio, instalaremos una cookie temporal para determinar si tu navegador acepta cookies. Esta cookie no contiene datos personales y se elimina al cerrar el navegador.<\/p>\n<p><\/p>\n<p><\/p>\n<p>Cuando accedas, tambi\u00e9n instalaremos varias cookies para guardar tu informaci\u00f3n de acceso y tus opciones de visualizaci\u00f3n de pantalla. Las cookies de acceso duran dos d\u00edas, y las cookies de opciones de pantalla duran un a\u00f1o. Si seleccionas \u00abRecu\u00e9rdame\u00bb, tu acceso perdurar\u00e1 durante dos semanas. Si sales de tu cuenta, las cookies de acceso se eliminar\u00e1n.<\/p>\n<p><\/p>\n<p><\/p>\n<p>Si editas o publicas un art\u00edculo se guardar\u00e1 una cookie adicional en tu navegador. Esta cookie no incluye datos personales y simplemente indica el ID del art\u00edculo que acabas de editar. Caduca despu\u00e9s de 1 d\u00eda.<\/p>\n<p><\/p>\n<p><\/p>\n<h3 class=\"wp-block-heading\">Contenido incrustado de otros sitios web<\/h3>\n<p><\/p>\n<p><\/p>\n<p>Los art\u00edculos de este sitio pueden incluir contenido incrustado (por ejemplo, v\u00eddeos, im\u00e1genes, art\u00edculos, etc.). El contenido incrustado de otras webs se comporta exactamente de la misma manera que si el visitante hubiera visitado la otra web.<\/p>\n<p><\/p>\n<p><\/p>\n<p>Estas web pueden recopilar datos sobre ti, utilizar cookies, incrustar un seguimiento adicional de terceros, y supervisar tu interacci\u00f3n con ese contenido incrustado, incluido el seguimiento de tu interacci\u00f3n con el contenido incrustado si tienes una cuenta y est\u00e1s conectado a esa web.<\/p>\n<p><\/p>\n<p><\/p>\n<p><strong>El Bazar de Joaqui<\/strong> <strong>en las redes sociales<\/strong><\/p>\n<p><\/p>\n<p><\/p>\n<p>El Bazar de Joaqui utiliza las redes sociales para promocionar su imagen, productos y servicios a trav\u00e9s de sus FanPages y tambi\u00e9n mediante la inserci\u00f3n de plugins sociales en su sitio web.<\/p>\n<p><\/p>\n<p><\/p>\n<p>Dicha inserci\u00f3n tiene como consecuencia que puede transmitirse informaci\u00f3n de un visitante del sitio web de el Bazar de Joaqui al titular de la red social.<\/p>\n<p><\/p>\n<p><\/p>\n<p>El Bazar de Joaqui es corresponsable del tratamiento de los datos personales en el \u00e1mbito de sus FanPages, junto al titular de la red; as\u00ed como de la obtenci\u00f3n y transmisi\u00f3n de datos a las redes sociales; sin embargo, en dicho contexto el Bazar de Joaqui no puede controlar los tratamientos llevados a cabo por parte del titular de la red social tras la transmisi\u00f3n. Por ello, le recomendamos revisar detenidamente las pol\u00edticas de privacidad de estas redes sociales para estar seguro de que est\u00e1 conforme con la forma en la que su informaci\u00f3n personal se recopila y comparte.<\/p>\n<p><\/p>\n<p><\/p>\n<p><strong>MENORES DE 14 A\u00d1OS<\/strong><\/p>\n<p><\/p>\n<p><\/p>\n<p>Los sitios web bajo la titularidad de el Bazar de Joaqui no est\u00e1n dirigidos a los menores de catorce a\u00f1os. No obstante, no recabamos informaci\u00f3n personal alguna de menores deliberadamente, si no es con la autorizaci\u00f3n del padre\/madre o tutor.<\/p>\n<p><\/p>\n<p><\/p>\n<p>Si es menor de catorce a\u00f1os, por favor no intentes registrarse como usuario sin la autorizaci\u00f3n de tu padre\/madre o tutor\/a.<\/p>\n<p><\/p>\n<p><\/p>\n<p>Si descubrimos que involuntariamente hemos obtenido informaci\u00f3n personal de un menor, eliminaremos dicha informaci\u00f3n lo antes posible.<\/p>\n<p><\/p>\n<p><\/p>\n<h2 class=\"wp-block-heading\">Con qui\u00e9n compartimos tus datos<\/h2>\n<p><\/p>\n<p><\/p>\n<p>El Bazar de Joaqui s\u00f3lo transmitir\u00e1 los datos personales a:<\/p>\n<p><\/p>\n<p><\/p>\n<ul class=\"wp-block-list\">\n<li>Proveedores de servicios auxiliares externos vinculados contractualmente como encargados de tratamiento tales como hosting, mantenimiento inform\u00e1tico, ciberseguridad, gesti\u00f3n de soportes, empresas de transporte, empresas de marketing y otros similares- que tratar\u00e1n sus datos siguiendo estrictamente las instrucciones de el Bazar de Joaqui.<\/li>\n<li>En caso de consentimiento vinculado a la acci\u00f3n de activar los botones de \u201cme gusta\u201d, \u201ccompartir\u201d, \u201ccomentarios\u201d, etc (plugins sociales) se podr\u00e1n transmitir datos a los titulares de las redes sociales que disponen de un m\u00f3dulo de conexi\u00f3n en el sitio web de el Bazar de Joaqui (Facebook, Instagram u otras similares). Lo mismo suceder\u00e1 en el caso de activaci\u00f3n de las cookies de terceros.<\/li>\n<li>En caso de resultar legalmente procedente, a terceros tales como \u00f3rganos, organismos e instituciones de las Administraciones P\u00fablicas; \u00f3rganos jurisdiccionales y Cuerpos y Fuerzas de Seguridad del Estado.<\/li>\n<\/ul>\n<p><\/p>\n<p><\/p>\n<h2 class=\"wp-block-heading\">Cu\u00e1nto tiempo conservamos tus datos<\/h2>\n<p><\/p>\n<p><\/p>\n<p>Los datos personales obtenidos a trav\u00e9s de los formularios de consultas y solicitud de informaci\u00f3n se conservar\u00e1n \u00fanicamente por el tiempo necesario para atender las peticiones realizadas.<\/p>\n<p><\/p>\n<p><\/p>\n<p>Los datos personales vinculados a la gesti\u00f3n de compras, devoluciones y facturaci\u00f3n ser\u00e1n conservados durante 5 a\u00f1os que podr\u00e1n prorrogarse por el tiempo necesario cuando sea legalmente procedente.<\/p>\n<p><\/p>\n<p><\/p>\n<p>Los datos personales utilizados para el env\u00edo de informaci\u00f3n comercial ser\u00e1n conservados hasta el momento en que manifieste su oposici\u00f3n a dicho tratamiento, o su voluntad de revocar el consentimiento otorgado, o hasta el momento en que se proceda a la supresi\u00f3n como consecuencia de la depuraci\u00f3n de la base de datos.<\/p>\n<p><\/p>\n<p><\/p>\n<p>Si dejas un comentario, el comentario y sus metadatos se conservan indefinidamente. Esto es para que podamos reconocer y aprobar comentarios sucesivos autom\u00e1ticamente, en lugar de mantenerlos en una cola de moderaci\u00f3n.<\/p>\n<p><\/p>\n<p><\/p>\n<p>De los usuarios que se registran en nuestra web (si los hay), tambi\u00e9n almacenamos la informaci\u00f3n personal que proporcionan en su perfil de usuario. Todos los usuarios pueden ver, editar o eliminar su informaci\u00f3n personal en cualquier momento (excepto que no pueden cambiar su nombre de usuario). Los administradores de la web tambi\u00e9n pueden ver y editar esa informaci\u00f3n.<\/p>\n<p><\/p>\n<p><\/p>\n<h2 class=\"wp-block-heading\">Qu\u00e9 derechos tienes sobre tus datos<\/h2>\n<p><\/p>\n<p><\/p>\n<p>Para revocar los consentimientos otorgados, as\u00ed como para ejercer los derechos de acceso, rectificaci\u00f3n, cancelaci\u00f3n, supresi\u00f3n, oposici\u00f3n, limitaci\u00f3n, portabilidad y no sumisi\u00f3n a decisiones automatizadas podr\u00e1 dirigirse mediante petici\u00f3n escrita a la siguiente cuenta de correo electr\u00f3nico: <a href=\"mailto:info@elbazardejoaqui.com\"> info@elbazardejoaqui.com<\/a><\/p>\n<p><\/p>\n<p><\/p>\n<p>En caso de que el interesado considere que los anteriores derechos no han sido atendidos conforme a la legalidad vigente, podr\u00e1 presentar la correspondiente reclamaci\u00f3n de tutela de derechos ante la Agencia Espa\u00f1ola de Protecci\u00f3n de Datos.<\/p>\n<p><\/p>\n<p><\/p>\n<p>Si tienes una cuenta o has dejado comentarios en esta web, puedes solicitar recibir un archivo de exportaci\u00f3n de los datos personales que tenemos sobre ti, incluyendo cualquier dato que nos hayas proporcionado. Tambi\u00e9n puedes solicitar que eliminemos cualquier dato personal que tengamos sobre ti. Esto no incluye ning\u00fan dato que estemos obligados a conservar con fines administrativos, legales o de seguridad.<\/p>\n<p><\/p>\n<p><\/p>\n<h2 class=\"wp-block-heading\">D\u00f3nde enviamos tus datos<\/h2>\n<p><\/p>\n<p><\/p>\n<p>Los comentarios de los visitantes puede que los revise un servicio de detecci\u00f3n autom\u00e1tica de spam.<\/p>\n<p><\/p>\n<p><\/p>\n<h3 class=\"wp-block-heading\">C\u00f3mo protegemos tus datos<\/h3>\n<p><\/p>\n<p><\/p>\n<p>El tratamiento de los datos personales facilitados se llevar\u00e1 a cabo aplicando medidas t\u00e9cnicas y organizativas apropiadas para garantizar un nivel de seguridad adecuado al riesgo, teniendo en cuenta el estado de la t\u00e9cnica; los costes de aplicaci\u00f3n; la naturaleza, el alcance, el contexto y los fines del tratamiento; as\u00ed como los riesgos de probabilidad y gravedad variables para los derechos y libertades de las personas f\u00edsicas.<\/p>\n<p><\/p>\n<p><\/p>\n<p>El Bazar de Joaqui gestiona su sistema de informaci\u00f3n conforme a las reglas y controles de las normas ISO 27001:2013 y 27002.<\/p>\n<p><\/p>\n<p><\/p>\n<p>En el caso de los datos obtenidos con fines estad\u00edsticos, se aplicar\u00e1n medidas de anonimizaci\u00f3n siempre que ello sea posible.<\/p>\n<p><\/p>\n<p><\/p>\n<p><\/p>\n<p><\/p>\n<p><\/p>\n<p><\/p>\n<p><\/p>\n<p><\/p>\n<h3 class=\"wp-block-heading\">\u00a0<\/h3>\n<p><\/p>\n<p><\/p>\n<p>\u00a0<\/p>\n<p><\/p>\t\t\t\t\t\t\t\t<\/div>\n\t\t\t\t<\/div>\n\t\t\t\t\t<\/div>\n\t\t<\/div>\n\t\t\t\t\t<\/div>\n\t\t<\/section>\n\t\t\t\t<\/div>\n\t\t","protected":false},"excerpt":{"rendered":"<p>Qui\u00e9nes somos La direcci\u00f3n de nuestra web es: https:\/\/www.elbazardejoaqui.com De conformidad con el Reglamento (UE) 2016\/679 del Parlamento Europeo y del Consejo, de 27 de abril de 2016 (RGPD), con la Ley Org\u00e1nica 3\/2018, de 5 de diciembre, de Protecci\u00f3n de Datos y Garant\u00eda de los Derechos Digitales y con el resto de la legislaci\u00f3n <a class=\"read-more\" href=\"https:\/\/www.elbazardejoaqui.com\/?page_id=3\">Read More<\/a><\/p>\n","protected":false},"author":1,"featured_media":0,"parent":0,"menu_order":0,"comment_status":"closed","ping_status":"open","template":"","meta":{"footnotes":""},"class_list":["post-3","page","type-page","status-publish","hentry"],"yoast_head":"<!-- This site is optimized with the Yoast SEO plugin v26.3 - https:\/\/yoast.com\/wordpress\/plugins\/seo\/ -->\n<title>Pol\u00edtica de privacidad - elbazardejoaqui.com<\/title>\n<meta name=\"robots\" content=\"noindex, follow, max-snippet:-1, max-image-preview:large, max-video-preview:-1\" \/>\n<meta property=\"og:locale\" content=\"es_ES\" \/>\n<meta property=\"og:type\" content=\"article\" \/>\n<meta property=\"og:title\" content=\"Pol\u00edtica de privacidad - elbazardejoaqui.com\" \/>\n<meta property=\"og:description\" content=\"Qui\u00e9nes somos La direcci\u00f3n de nuestra web es: https:\/\/www.elbazardejoaqui.com De conformidad con el Reglamento (UE) 2016\/679 del Parlamento Europeo y del Consejo, de 27 de abril de 2016 (RGPD), con la Ley Org\u00e1nica 3\/2018, de 5 de diciembre, de Protecci\u00f3n de Datos y Garant\u00eda de los Derechos Digitales y con el resto de la legislaci\u00f3n Read More\" \/>\n<meta property=\"og:url\" content=\"https:\/\/www.elbazardejoaqui.com\/?page_id=3\" \/>\n<meta property=\"og:site_name\" content=\"elbazardejoaqui.com\" \/>\n<meta property=\"article:modified_time\" content=\"2021-08-18T15:35:29+00:00\" \/>\n<meta name=\"twitter:card\" content=\"summary_large_image\" \/>\n<meta name=\"twitter:label1\" content=\"Tiempo de lectura\" \/>\n\t<meta name=\"twitter:data1\" content=\"9 minutos\" \/>\n<script type=\"application\/ld+json\" class=\"yoast-schema-graph\">{\"@context\":\"https:\/\/schema.org\",\"@graph\":[{\"@type\":\"WebPage\",\"@id\":\"https:\/\/www.elbazardejoaqui.com\/?page_id=3\",\"url\":\"https:\/\/www.elbazardejoaqui.com\/?page_id=3\",\"name\":\"Pol\u00edtica de privacidad - elbazardejoaqui.com\",\"isPartOf\":{\"@id\":\"https:\/\/www.elbazardejoaqui.com\/#website\"},\"datePublished\":\"2020-11-17T16:46:16+00:00\",\"dateModified\":\"2021-08-18T15:35:29+00:00\",\"breadcrumb\":{\"@id\":\"https:\/\/www.elbazardejoaqui.com\/?page_id=3#breadcrumb\"},\"inLanguage\":\"es\",\"potentialAction\":[{\"@type\":\"ReadAction\",\"target\":[\"https:\/\/www.elbazardejoaqui.com\/?page_id=3\"]}]},{\"@type\":\"BreadcrumbList\",\"@id\":\"https:\/\/www.elbazardejoaqui.com\/?page_id=3#breadcrumb\",\"itemListElement\":[{\"@type\":\"ListItem\",\"position\":1,\"name\":\"Portada\",\"item\":\"https:\/\/www.elbazardejoaqui.com\/\"},{\"@type\":\"ListItem\",\"position\":2,\"name\":\"Pol\u00edtica de privacidad\"}]},{\"@type\":\"WebSite\",\"@id\":\"https:\/\/www.elbazardejoaqui.com\/#website\",\"url\":\"https:\/\/www.elbazardejoaqui.com\/\",\"name\":\"elbazardejoaqui.com\",\"description\":\"Droguer\u00eda, mercer\u00eda, papeler\u00eda, ropa de hogar, menaje, mascarillas, juguetes y mucho m\u00e1s\",\"publisher\":{\"@id\":\"https:\/\/www.elbazardejoaqui.com\/#organization\"},\"potentialAction\":[{\"@type\":\"SearchAction\",\"target\":{\"@type\":\"EntryPoint\",\"urlTemplate\":\"https:\/\/www.elbazardejoaqui.com\/?s={search_term_string}\"},\"query-input\":{\"@type\":\"PropertyValueSpecification\",\"valueRequired\":true,\"valueName\":\"search_term_string\"}}],\"inLanguage\":\"es\"},{\"@type\":\"Organization\",\"@id\":\"https:\/\/www.elbazardejoaqui.com\/#organization\",\"name\":\"Bazar Joaqui\",\"url\":\"https:\/\/www.elbazardejoaqui.com\/\",\"logo\":{\"@type\":\"ImageObject\",\"inLanguage\":\"es\",\"@id\":\"https:\/\/www.elbazardejoaqui.com\/#\/schema\/logo\/image\/\",\"url\":\"https:\/\/www.elbazardejoaqui.com\/wp-content\/uploads\/2020\/12\/elbazarlogo.png\",\"contentUrl\":\"https:\/\/www.elbazardejoaqui.com\/wp-content\/uploads\/2020\/12\/elbazarlogo.png\",\"width\":1129,\"height\":264,\"caption\":\"Bazar Joaqui\"},\"image\":{\"@id\":\"https:\/\/www.elbazardejoaqui.com\/#\/schema\/logo\/image\/\"}}]}<\/script>\n<!-- \/ Yoast SEO plugin. -->","yoast_head_json":{"title":"Pol\u00edtica de privacidad - elbazardejoaqui.com","robots":{"index":"noindex","follow":"follow","max-snippet":"max-snippet:-1","max-image-preview":"max-image-preview:large","max-video-preview":"max-video-preview:-1"},"og_locale":"es_ES","og_type":"article","og_title":"Pol\u00edtica de privacidad - elbazardejoaqui.com","og_description":"Qui\u00e9nes somos La direcci\u00f3n de nuestra web es: https:\/\/www.elbazardejoaqui.com De conformidad con el Reglamento (UE) 2016\/679 del Parlamento Europeo y del Consejo, de 27 de abril de 2016 (RGPD), con la Ley Org\u00e1nica 3\/2018, de 5 de diciembre, de Protecci\u00f3n de Datos y Garant\u00eda de los Derechos Digitales y con el resto de la legislaci\u00f3n Read More","og_url":"https:\/\/www.elbazardejoaqui.com\/?page_id=3","og_site_name":"elbazardejoaqui.com","article_modified_time":"2021-08-18T15:35:29+00:00","twitter_card":"summary_large_image","twitter_misc":{"Tiempo de lectura":"9 minutos"},"schema":{"@context":"https:\/\/schema.org","@graph":[{"@type":"WebPage","@id":"https:\/\/www.elbazardejoaqui.com\/?page_id=3","url":"https:\/\/www.elbazardejoaqui.com\/?page_id=3","name":"Pol\u00edtica de privacidad - elbazardejoaqui.com","isPartOf":{"@id":"https:\/\/www.elbazardejoaqui.com\/#website"},"datePublished":"2020-11-17T16:46:16+00:00","dateModified":"2021-08-18T15:35:29+00:00","breadcrumb":{"@id":"https:\/\/www.elbazardejoaqui.com\/?page_id=3#breadcrumb"},"inLanguage":"es","potentialAction":[{"@type":"ReadAction","target":["https:\/\/www.elbazardejoaqui.com\/?page_id=3"]}]},{"@type":"BreadcrumbList","@id":"https:\/\/www.elbazardejoaqui.com\/?page_id=3#breadcrumb","itemListElement":[{"@type":"ListItem","position":1,"name":"Portada","item":"https:\/\/www.elbazardejoaqui.com\/"},{"@type":"ListItem","position":2,"name":"Pol\u00edtica de privacidad"}]},{"@type":"WebSite","@id":"https:\/\/www.elbazardejoaqui.com\/#website","url":"https:\/\/www.elbazardejoaqui.com\/","name":"elbazardejoaqui.com","description":"Droguer\u00eda, mercer\u00eda, papeler\u00eda, ropa de hogar, menaje, mascarillas, juguetes y mucho m\u00e1s","publisher":{"@id":"https:\/\/www.elbazardejoaqui.com\/#organization"},"potentialAction":[{"@type":"SearchAction","target":{"@type":"EntryPoint","urlTemplate":"https:\/\/www.elbazardejoaqui.com\/?s={search_term_string}"},"query-input":{"@type":"PropertyValueSpecification","valueRequired":true,"valueName":"search_term_string"}}],"inLanguage":"es"},{"@type":"Organization","@id":"https:\/\/www.elbazardejoaqui.com\/#organization","name":"Bazar Joaqui","url":"https:\/\/www.elbazardejoaqui.com\/","logo":{"@type":"ImageObject","inLanguage":"es","@id":"https:\/\/www.elbazardejoaqui.com\/#\/schema\/logo\/image\/","url":"https:\/\/www.elbazardejoaqui.com\/wp-content\/uploads\/2020\/12\/elbazarlogo.png","contentUrl":"https:\/\/www.elbazardejoaqui.com\/wp-content\/uploads\/2020\/12\/elbazarlogo.png","width":1129,"height":264,"caption":"Bazar Joaqui"},"image":{"@id":"https:\/\/www.elbazardejoaqui.com\/#\/schema\/logo\/image\/"}}]}},"_links":{"self":[{"href":"https:\/\/www.elbazardejoaqui.com\/index.php?rest_route=\/wp\/v2\/pages\/3","targetHints":{"allow":["GET"]}}],"collection":[{"href":"https:\/\/www.elbazardejoaqui.com\/index.php?rest_route=\/wp\/v2\/pages"}],"about":[{"href":"https:\/\/www.elbazardejoaqui.com\/index.php?rest_route=\/wp\/v2\/types\/page"}],"author":[{"embeddable":true,"href":"https:\/\/www.elbazardejoaqui.com\/index.php?rest_route=\/wp\/v2\/users\/1"}],"replies":[{"embeddable":true,"href":"https:\/\/www.elbazardejoaqui.com\/index.php?rest_route=%2Fwp%2Fv2%2Fcomments&post=3"}],"version-history":[{"count":9,"href":"https:\/\/www.elbazardejoaqui.com\/index.php?rest_route=\/wp\/v2\/pages\/3\/revisions"}],"predecessor-version":[{"id":2246,"href":"https:\/\/www.elbazardejoaqui.com\/index.php?rest_route=\/wp\/v2\/pages\/3\/revisions\/2246"}],"wp:attachment":[{"href":"https:\/\/www.elbazardejoaqui.com\/index.php?rest_route=%2Fwp%2Fv2%2Fmedia&parent=3"}],"curies":[{"name":"wp","href":"https:\/\/api.w.org\/{rel}","templated":true}]}}