{"id":322,"date":"2020-11-20T11:32:12","date_gmt":"2020-11-20T11:32:12","guid":{"rendered":"http:\/\/www.jmhogar.com\/?page_id=322"},"modified":"2022-06-13T10:51:55","modified_gmt":"2022-06-13T09:51:55","slug":"cosas-de-casa","status":"publish","type":"page","link":"https:\/\/www.elbazardejoaqui.com\/","title":{"rendered":"Inicio"},"content":{"rendered":"\t\t<div data-elementor-type=\"wp-page\" data-elementor-id=\"322\" class=\"elementor elementor-322\">\n\t\t\t\t\t\t<section class=\"elementor-section elementor-top-section elementor-element elementor-element-5cd39a37 elementor-section-boxed elementor-section-height-default elementor-section-height-default\" data-id=\"5cd39a37\" data-element_type=\"section\">\n\t\t\t\t\t\t<div class=\"elementor-container elementor-column-gap-default\">\n\t\t\t\t\t<div class=\"elementor-column elementor-col-100 elementor-top-column elementor-element elementor-element-41fdbe4a\" data-id=\"41fdbe4a\" data-element_type=\"column\">\n\t\t\t<div class=\"elementor-widget-wrap elementor-element-populated\">\n\t\t\t\t\t\t<div class=\"elementor-element elementor-element-6ba76d32 elementor-invisible elementor-widget elementor-widget-text-editor\" data-id=\"6ba76d32\" data-element_type=\"widget\" data-settings=\"{&quot;_animation&quot;:&quot;fadeInLeft&quot;}\" data-widget_type=\"text-editor.default\">\n\t\t\t\t<div class=\"elementor-widget-container\">\n\t\t\t\t\t\t\t\t\t\n<p> En el Bazar de Joaqui tienes primeras marcas de mercer\u00eda, droguer\u00eda, papeler\u00eda, menaje, y todo lo que necesitas en tu hogar al mejor precio.<br> \n Busca entre todos <a href=\"https:\/\/www.elbazardejoaqui.com\/?page_id=376\">Tus productos<\/a> y recuerda que si no encuentras lo que est\u00e1s buscando no es que no lo tengamos, solo que a\u00fan no est\u00e1 en nuestra web.<a href=\"tel:623235450\"> Ll\u00e1manos<\/a> o m\u00e1ndanos un <a target=\u201c_blank\u201d href=\"https:\/\/wa.me\/34656984470\/?text=Quiero%20informaci%C3%B3n%20adicional%20del%20producto...\">whatsapp<\/a> y preg\u00fantanos por lo que quieras, siempre sin compromiso.<\/p>\n<p>Estaremos encantadas de atenderte.<\/p>\n\n<p>Seguimos construyendo nuestra p\u00e1gina por lo que si deseas realizar un pedido ponte en contacto con nosotras. Ll\u00e1manos, m\u00e1ndanos un whattsap o un correo electr\u00f3nico con tus productos.<\/p>\n\n<p>\n\n<\/p>\n\t\t\t\t\t\t\t\t<\/div>\n\t\t\t\t<\/div>\n\t\t\t\t\t<\/div>\n\t\t<\/div>\n\t\t\t\t\t<\/div>\n\t\t<\/section>\n\t\t\t\t<\/div>\n\t\t","protected":false},"excerpt":{"rendered":"<p>En el Bazar de Joaqui tienes primeras marcas de mercer\u00eda, droguer\u00eda, papeler\u00eda, menaje, y todo lo que necesitas en tu hogar al mejor precio. Busca entre todos Tus productos y recuerda que si no encuentras lo que est\u00e1s buscando no es que no lo tengamos, solo que a\u00fan no est\u00e1 en nuestra web. Ll\u00e1manos o <a class=\"read-more\" href=\"https:\/\/www.elbazardejoaqui.com\/\">Read More<\/a><\/p>\n","protected":false},"author":1,"featured_media":0,"parent":0,"menu_order":0,"comment_status":"closed","ping_status":"closed","template":"","meta":{"footnotes":""},"class_list":["post-322","page","type-page","status-publish","hentry"],"yoast_head":"<!-- This site is optimized with the Yoast SEO plugin v26.3 - https:\/\/yoast.com\/wordpress\/plugins\/seo\/ -->\n<title>Inicio - elbazardejoaqui.com<\/title>\n<meta name=\"robots\" content=\"noindex, follow, max-snippet:-1, max-image-preview:large, max-video-preview:-1\" \/>\n<meta property=\"og:locale\" content=\"es_ES\" \/>\n<meta property=\"og:type\" content=\"article\" \/>\n<meta property=\"og:title\" content=\"Inicio - elbazardejoaqui.com\" \/>\n<meta property=\"og:description\" content=\"En el Bazar de Joaqui tienes primeras marcas de mercer\u00eda, droguer\u00eda, papeler\u00eda, menaje, y todo lo que necesitas en tu hogar al mejor precio. Busca entre todos Tus productos y recuerda que si no encuentras lo que est\u00e1s buscando no es que no lo tengamos, solo que a\u00fan no est\u00e1 en nuestra web. Ll\u00e1manos o Read More\" \/>\n<meta property=\"og:url\" content=\"https:\/\/www.elbazardejoaqui.com\/\" \/>\n<meta property=\"og:site_name\" content=\"elbazardejoaqui.com\" \/>\n<meta property=\"article:modified_time\" content=\"2022-06-13T09:51:55+00:00\" \/>\n<meta name=\"twitter:card\" content=\"summary_large_image\" \/>\n<meta name=\"twitter:label1\" content=\"Tiempo de lectura\" \/>\n\t<meta name=\"twitter:data1\" content=\"1 minuto\" \/>\n<script type=\"application\/ld+json\" class=\"yoast-schema-graph\">{\"@context\":\"https:\/\/schema.org\",\"@graph\":[{\"@type\":\"WebPage\",\"@id\":\"https:\/\/www.elbazardejoaqui.com\/\",\"url\":\"https:\/\/www.elbazardejoaqui.com\/\",\"name\":\"Inicio - elbazardejoaqui.com\",\"isPartOf\":{\"@id\":\"https:\/\/www.elbazardejoaqui.com\/#website\"},\"datePublished\":\"2020-11-20T11:32:12+00:00\",\"dateModified\":\"2022-06-13T09:51:55+00:00\",\"breadcrumb\":{\"@id\":\"https:\/\/www.elbazardejoaqui.com\/#breadcrumb\"},\"inLanguage\":\"es\",\"potentialAction\":[{\"@type\":\"ReadAction\",\"target\":[\"https:\/\/www.elbazardejoaqui.com\/\"]}]},{\"@type\":\"BreadcrumbList\",\"@id\":\"https:\/\/www.elbazardejoaqui.com\/#breadcrumb\",\"itemListElement\":[{\"@type\":\"ListItem\",\"position\":1,\"name\":\"Portada\",\"item\":\"https:\/\/www.elbazardejoaqui.com\/\"},{\"@type\":\"ListItem\",\"position\":2,\"name\":\"Inicio\"}]},{\"@type\":\"WebSite\",\"@id\":\"https:\/\/www.elbazardejoaqui.com\/#website\",\"url\":\"https:\/\/www.elbazardejoaqui.com\/\",\"name\":\"elbazardejoaqui.com\",\"description\":\"Droguer\u00eda, mercer\u00eda, papeler\u00eda, ropa de hogar, menaje, mascarillas, juguetes y mucho m\u00e1s\",\"publisher\":{\"@id\":\"https:\/\/www.elbazardejoaqui.com\/#organization\"},\"potentialAction\":[{\"@type\":\"SearchAction\",\"target\":{\"@type\":\"EntryPoint\",\"urlTemplate\":\"https:\/\/www.elbazardejoaqui.com\/?s={search_term_string}\"},\"query-input\":{\"@type\":\"PropertyValueSpecification\",\"valueRequired\":true,\"valueName\":\"search_term_string\"}}],\"inLanguage\":\"es\"},{\"@type\":\"Organization\",\"@id\":\"https:\/\/www.elbazardejoaqui.com\/#organization\",\"name\":\"Bazar Joaqui\",\"url\":\"https:\/\/www.elbazardejoaqui.com\/\",\"logo\":{\"@type\":\"ImageObject\",\"inLanguage\":\"es\",\"@id\":\"https:\/\/www.elbazardejoaqui.com\/#\/schema\/logo\/image\/\",\"url\":\"https:\/\/www.elbazardejoaqui.com\/wp-content\/uploads\/2020\/12\/elbazarlogo.png\",\"contentUrl\":\"https:\/\/www.elbazardejoaqui.com\/wp-content\/uploads\/2020\/12\/elbazarlogo.png\",\"width\":1129,\"height\":264,\"caption\":\"Bazar Joaqui\"},\"image\":{\"@id\":\"https:\/\/www.elbazardejoaqui.com\/#\/schema\/logo\/image\/\"}}]}<\/script>\n<!-- \/ Yoast SEO plugin. -->","yoast_head_json":{"title":"Inicio - elbazardejoaqui.com","robots":{"index":"noindex","follow":"follow","max-snippet":"max-snippet:-1","max-image-preview":"max-image-preview:large","max-video-preview":"max-video-preview:-1"},"og_locale":"es_ES","og_type":"article","og_title":"Inicio - elbazardejoaqui.com","og_description":"En el Bazar de Joaqui tienes primeras marcas de mercer\u00eda, droguer\u00eda, papeler\u00eda, menaje, y todo lo que necesitas en tu hogar al mejor precio. Busca entre todos Tus productos y recuerda que si no encuentras lo que est\u00e1s buscando no es que no lo tengamos, solo que a\u00fan no est\u00e1 en nuestra web. Ll\u00e1manos o Read More","og_url":"https:\/\/www.elbazardejoaqui.com\/","og_site_name":"elbazardejoaqui.com","article_modified_time":"2022-06-13T09:51:55+00:00","twitter_card":"summary_large_image","twitter_misc":{"Tiempo de lectura":"1 minuto"},"schema":{"@context":"https:\/\/schema.org","@graph":[{"@type":"WebPage","@id":"https:\/\/www.elbazardejoaqui.com\/","url":"https:\/\/www.elbazardejoaqui.com\/","name":"Inicio - elbazardejoaqui.com","isPartOf":{"@id":"https:\/\/www.elbazardejoaqui.com\/#website"},"datePublished":"2020-11-20T11:32:12+00:00","dateModified":"2022-06-13T09:51:55+00:00","breadcrumb":{"@id":"https:\/\/www.elbazardejoaqui.com\/#breadcrumb"},"inLanguage":"es","potentialAction":[{"@type":"ReadAction","target":["https:\/\/www.elbazardejoaqui.com\/"]}]},{"@type":"BreadcrumbList","@id":"https:\/\/www.elbazardejoaqui.com\/#breadcrumb","itemListElement":[{"@type":"ListItem","position":1,"name":"Portada","item":"https:\/\/www.elbazardejoaqui.com\/"},{"@type":"ListItem","position":2,"name":"Inicio"}]},{"@type":"WebSite","@id":"https:\/\/www.elbazardejoaqui.com\/#website","url":"https:\/\/www.elbazardejoaqui.com\/","name":"elbazardejoaqui.com","description":"Droguer\u00eda, mercer\u00eda, papeler\u00eda, ropa de hogar, menaje, mascarillas, juguetes y mucho m\u00e1s","publisher":{"@id":"https:\/\/www.elbazardejoaqui.com\/#organization"},"potentialAction":[{"@type":"SearchAction","target":{"@type":"EntryPoint","urlTemplate":"https:\/\/www.elbazardejoaqui.com\/?s={search_term_string}"},"query-input":{"@type":"PropertyValueSpecification","valueRequired":true,"valueName":"search_term_string"}}],"inLanguage":"es"},{"@type":"Organization","@id":"https:\/\/www.elbazardejoaqui.com\/#organization","name":"Bazar Joaqui","url":"https:\/\/www.elbazardejoaqui.com\/","logo":{"@type":"ImageObject","inLanguage":"es","@id":"https:\/\/www.elbazardejoaqui.com\/#\/schema\/logo\/image\/","url":"https:\/\/www.elbazardejoaqui.com\/wp-content\/uploads\/2020\/12\/elbazarlogo.png","contentUrl":"https:\/\/www.elbazardejoaqui.com\/wp-content\/uploads\/2020\/12\/elbazarlogo.png","width":1129,"height":264,"caption":"Bazar Joaqui"},"image":{"@id":"https:\/\/www.elbazardejoaqui.com\/#\/schema\/logo\/image\/"}}]}},"_links":{"self":[{"href":"https:\/\/www.elbazardejoaqui.com\/index.php?rest_route=\/wp\/v2\/pages\/322","targetHints":{"allow":["GET"]}}],"collection":[{"href":"https:\/\/www.elbazardejoaqui.com\/index.php?rest_route=\/wp\/v2\/pages"}],"about":[{"href":"https:\/\/www.elbazardejoaqui.com\/index.php?rest_route=\/wp\/v2\/types\/page"}],"author":[{"embeddable":true,"href":"https:\/\/www.elbazardejoaqui.com\/index.php?rest_route=\/wp\/v2\/users\/1"}],"replies":[{"embeddable":true,"href":"https:\/\/www.elbazardejoaqui.com\/index.php?rest_route=%2Fwp%2Fv2%2Fcomments&post=322"}],"version-history":[{"count":17,"href":"https:\/\/www.elbazardejoaqui.com\/index.php?rest_route=\/wp\/v2\/pages\/322\/revisions"}],"predecessor-version":[{"id":2347,"href":"https:\/\/www.elbazardejoaqui.com\/index.php?rest_route=\/wp\/v2\/pages\/322\/revisions\/2347"}],"wp:attachment":[{"href":"https:\/\/www.elbazardejoaqui.com\/index.php?rest_route=%2Fwp%2Fv2%2Fmedia&parent=322"}],"curies":[{"name":"wp","href":"https:\/\/api.w.org\/{rel}","templated":true}]}}