{"id":1008,"date":"2020-12-07T15:31:50","date_gmt":"2020-12-07T15:31:50","guid":{"rendered":"http:\/\/www.jmhogar.com\/?post_type=product&#038;p=1008"},"modified":"2020-12-07T15:31:51","modified_gmt":"2020-12-07T15:31:51","slug":"gel-intimo-para-pieles-atopicas-de-instituto-espanol","status":"publish","type":"product","link":"https:\/\/www.elbazardejoaqui.com\/?product=gel-intimo-para-pieles-atopicas-de-instituto-espanol","title":{"rendered":"Gel intimo para pieles at\u00f3picas de Instituto Espa\u00f1ol"},"content":{"rendered":"<p>El gel \u00edntimo de Instituto Espa\u00f1ol es especialmente delicado con tu piel, para la higiene femenina,\u00a0 le aporta una hidrataci\u00f3n natural para que tengas una sensaci\u00f3n de bienestar y frescor durante todo el d\u00eda.<\/p>\n<p>Formulado para minimizar el riesgo de reacciones al\u00e9rgicas.<\/p>\n","protected":false},"excerpt":{"rendered":"<p>Gel dermatol\u00f3gicamente indicado para higiene femenina, suave y delicado.<\/p>\n<p>Envase de 300 ml<\/p>\n","protected":false},"featured_media":960,"template":"","meta":[],"product_brand":[],"product_cat":[130],"product_tag":[157,158],"class_list":{"0":"post-1008","1":"product","2":"type-product","3":"status-publish","4":"has-post-thumbnail","6":"product_cat-higiene-personal","7":"product_tag-gel-intimo","8":"product_tag-instituto-espanol","10":"first","11":"instock","12":"taxable","13":"shipping-taxable","14":"purchasable","15":"product-type-simple"},"yoast_head":"<!-- This site is optimized with the Yoast SEO plugin v26.3 - https:\/\/yoast.com\/wordpress\/plugins\/seo\/ -->\n<title>Gel intimo para pieles at\u00f3picas de Instituto Espa\u00f1ol - elbazardejoaqui.com<\/title>\n<meta name=\"robots\" content=\"noindex, follow, max-snippet:-1, max-image-preview:large, max-video-preview:-1\" \/>\n<meta property=\"og:locale\" content=\"es_ES\" \/>\n<meta property=\"og:type\" content=\"article\" \/>\n<meta property=\"og:title\" content=\"Gel intimo para pieles at\u00f3picas de Instituto Espa\u00f1ol - elbazardejoaqui.com\" \/>\n<meta property=\"og:description\" content=\"Gel dermatol\u00f3gicamente indicado para higiene femenina, suave y delicado.  Envase de 300 ml\" \/>\n<meta property=\"og:url\" content=\"https:\/\/www.elbazardejoaqui.com\/?product=gel-intimo-para-pieles-atopicas-de-instituto-espanol\" \/>\n<meta property=\"og:site_name\" content=\"elbazardejoaqui.com\" \/>\n<meta property=\"article:modified_time\" content=\"2020-12-07T15:31:51+00:00\" \/>\n<meta property=\"og:image\" content=\"https:\/\/www.elbazardejoaqui.com\/wp-content\/uploads\/2020\/12\/Diseno-sin-titulo18.png\" \/>\n\t<meta property=\"og:image:width\" content=\"600\" \/>\n\t<meta property=\"og:image:height\" content=\"600\" \/>\n\t<meta property=\"og:image:type\" content=\"image\/png\" \/>\n<meta name=\"twitter:card\" content=\"summary_large_image\" \/>\n<script type=\"application\/ld+json\" class=\"yoast-schema-graph\">{\"@context\":\"https:\/\/schema.org\",\"@graph\":[{\"@type\":\"WebPage\",\"@id\":\"https:\/\/www.elbazardejoaqui.com\/?product=gel-intimo-para-pieles-atopicas-de-instituto-espanol\",\"url\":\"https:\/\/www.elbazardejoaqui.com\/?product=gel-intimo-para-pieles-atopicas-de-instituto-espanol\",\"name\":\"Gel intimo para pieles at\u00f3picas de Instituto Espa\u00f1ol - elbazardejoaqui.com\",\"isPartOf\":{\"@id\":\"https:\/\/www.elbazardejoaqui.com\/#website\"},\"primaryImageOfPage\":{\"@id\":\"https:\/\/www.elbazardejoaqui.com\/?product=gel-intimo-para-pieles-atopicas-de-instituto-espanol#primaryimage\"},\"image\":{\"@id\":\"https:\/\/www.elbazardejoaqui.com\/?product=gel-intimo-para-pieles-atopicas-de-instituto-espanol#primaryimage\"},\"thumbnailUrl\":\"https:\/\/www.elbazardejoaqui.com\/wp-content\/uploads\/2020\/12\/Diseno-sin-titulo18.png\",\"datePublished\":\"2020-12-07T15:31:50+00:00\",\"dateModified\":\"2020-12-07T15:31:51+00:00\",\"breadcrumb\":{\"@id\":\"https:\/\/www.elbazardejoaqui.com\/?product=gel-intimo-para-pieles-atopicas-de-instituto-espanol#breadcrumb\"},\"inLanguage\":\"es\",\"potentialAction\":[{\"@type\":\"ReadAction\",\"target\":[\"https:\/\/www.elbazardejoaqui.com\/?product=gel-intimo-para-pieles-atopicas-de-instituto-espanol\"]}]},{\"@type\":\"ImageObject\",\"inLanguage\":\"es\",\"@id\":\"https:\/\/www.elbazardejoaqui.com\/?product=gel-intimo-para-pieles-atopicas-de-instituto-espanol#primaryimage\",\"url\":\"https:\/\/www.elbazardejoaqui.com\/wp-content\/uploads\/2020\/12\/Diseno-sin-titulo18.png\",\"contentUrl\":\"https:\/\/www.elbazardejoaqui.com\/wp-content\/uploads\/2020\/12\/Diseno-sin-titulo18.png\",\"width\":600,\"height\":600,\"caption\":\"Gel \u00edntimo pieles at\u00f3picas\"},{\"@type\":\"BreadcrumbList\",\"@id\":\"https:\/\/www.elbazardejoaqui.com\/?product=gel-intimo-para-pieles-atopicas-de-instituto-espanol#breadcrumb\",\"itemListElement\":[{\"@type\":\"ListItem\",\"position\":1,\"name\":\"Portada\",\"item\":\"https:\/\/www.elbazardejoaqui.com\/\"},{\"@type\":\"ListItem\",\"position\":2,\"name\":\"Tus productos\",\"item\":\"https:\/\/www.elbazardejoaqui.com\/?page_id=376\"},{\"@type\":\"ListItem\",\"position\":3,\"name\":\"Gel intimo para pieles at\u00f3picas de Instituto Espa\u00f1ol\"}]},{\"@type\":\"WebSite\",\"@id\":\"https:\/\/www.elbazardejoaqui.com\/#website\",\"url\":\"https:\/\/www.elbazardejoaqui.com\/\",\"name\":\"elbazardejoaqui.com\",\"description\":\"Droguer\u00eda, mercer\u00eda, papeler\u00eda, ropa de hogar, menaje, mascarillas, juguetes y mucho m\u00e1s\",\"publisher\":{\"@id\":\"https:\/\/www.elbazardejoaqui.com\/#organization\"},\"potentialAction\":[{\"@type\":\"SearchAction\",\"target\":{\"@type\":\"EntryPoint\",\"urlTemplate\":\"https:\/\/www.elbazardejoaqui.com\/?s={search_term_string}\"},\"query-input\":{\"@type\":\"PropertyValueSpecification\",\"valueRequired\":true,\"valueName\":\"search_term_string\"}}],\"inLanguage\":\"es\"},{\"@type\":\"Organization\",\"@id\":\"https:\/\/www.elbazardejoaqui.com\/#organization\",\"name\":\"Bazar Joaqui\",\"url\":\"https:\/\/www.elbazardejoaqui.com\/\",\"logo\":{\"@type\":\"ImageObject\",\"inLanguage\":\"es\",\"@id\":\"https:\/\/www.elbazardejoaqui.com\/#\/schema\/logo\/image\/\",\"url\":\"https:\/\/www.elbazardejoaqui.com\/wp-content\/uploads\/2020\/12\/elbazarlogo.png\",\"contentUrl\":\"https:\/\/www.elbazardejoaqui.com\/wp-content\/uploads\/2020\/12\/elbazarlogo.png\",\"width\":1129,\"height\":264,\"caption\":\"Bazar Joaqui\"},\"image\":{\"@id\":\"https:\/\/www.elbazardejoaqui.com\/#\/schema\/logo\/image\/\"}}]}<\/script>\n<!-- \/ Yoast SEO plugin. -->","yoast_head_json":{"title":"Gel intimo para pieles at\u00f3picas de Instituto Espa\u00f1ol - elbazardejoaqui.com","robots":{"index":"noindex","follow":"follow","max-snippet":"max-snippet:-1","max-image-preview":"max-image-preview:large","max-video-preview":"max-video-preview:-1"},"og_locale":"es_ES","og_type":"article","og_title":"Gel intimo para pieles at\u00f3picas de Instituto Espa\u00f1ol - elbazardejoaqui.com","og_description":"Gel dermatol\u00f3gicamente indicado para higiene femenina, suave y delicado.  Envase de 300 ml","og_url":"https:\/\/www.elbazardejoaqui.com\/?product=gel-intimo-para-pieles-atopicas-de-instituto-espanol","og_site_name":"elbazardejoaqui.com","article_modified_time":"2020-12-07T15:31:51+00:00","og_image":[{"width":600,"height":600,"url":"https:\/\/www.elbazardejoaqui.com\/wp-content\/uploads\/2020\/12\/Diseno-sin-titulo18.png","type":"image\/png"}],"twitter_card":"summary_large_image","schema":{"@context":"https:\/\/schema.org","@graph":[{"@type":"WebPage","@id":"https:\/\/www.elbazardejoaqui.com\/?product=gel-intimo-para-pieles-atopicas-de-instituto-espanol","url":"https:\/\/www.elbazardejoaqui.com\/?product=gel-intimo-para-pieles-atopicas-de-instituto-espanol","name":"Gel intimo para pieles at\u00f3picas de Instituto Espa\u00f1ol - elbazardejoaqui.com","isPartOf":{"@id":"https:\/\/www.elbazardejoaqui.com\/#website"},"primaryImageOfPage":{"@id":"https:\/\/www.elbazardejoaqui.com\/?product=gel-intimo-para-pieles-atopicas-de-instituto-espanol#primaryimage"},"image":{"@id":"https:\/\/www.elbazardejoaqui.com\/?product=gel-intimo-para-pieles-atopicas-de-instituto-espanol#primaryimage"},"thumbnailUrl":"https:\/\/www.elbazardejoaqui.com\/wp-content\/uploads\/2020\/12\/Diseno-sin-titulo18.png","datePublished":"2020-12-07T15:31:50+00:00","dateModified":"2020-12-07T15:31:51+00:00","breadcrumb":{"@id":"https:\/\/www.elbazardejoaqui.com\/?product=gel-intimo-para-pieles-atopicas-de-instituto-espanol#breadcrumb"},"inLanguage":"es","potentialAction":[{"@type":"ReadAction","target":["https:\/\/www.elbazardejoaqui.com\/?product=gel-intimo-para-pieles-atopicas-de-instituto-espanol"]}]},{"@type":"ImageObject","inLanguage":"es","@id":"https:\/\/www.elbazardejoaqui.com\/?product=gel-intimo-para-pieles-atopicas-de-instituto-espanol#primaryimage","url":"https:\/\/www.elbazardejoaqui.com\/wp-content\/uploads\/2020\/12\/Diseno-sin-titulo18.png","contentUrl":"https:\/\/www.elbazardejoaqui.com\/wp-content\/uploads\/2020\/12\/Diseno-sin-titulo18.png","width":600,"height":600,"caption":"Gel \u00edntimo pieles at\u00f3picas"},{"@type":"BreadcrumbList","@id":"https:\/\/www.elbazardejoaqui.com\/?product=gel-intimo-para-pieles-atopicas-de-instituto-espanol#breadcrumb","itemListElement":[{"@type":"ListItem","position":1,"name":"Portada","item":"https:\/\/www.elbazardejoaqui.com\/"},{"@type":"ListItem","position":2,"name":"Tus productos","item":"https:\/\/www.elbazardejoaqui.com\/?page_id=376"},{"@type":"ListItem","position":3,"name":"Gel intimo para pieles at\u00f3picas de Instituto Espa\u00f1ol"}]},{"@type":"WebSite","@id":"https:\/\/www.elbazardejoaqui.com\/#website","url":"https:\/\/www.elbazardejoaqui.com\/","name":"elbazardejoaqui.com","description":"Droguer\u00eda, mercer\u00eda, papeler\u00eda, ropa de hogar, menaje, mascarillas, juguetes y mucho m\u00e1s","publisher":{"@id":"https:\/\/www.elbazardejoaqui.com\/#organization"},"potentialAction":[{"@type":"SearchAction","target":{"@type":"EntryPoint","urlTemplate":"https:\/\/www.elbazardejoaqui.com\/?s={search_term_string}"},"query-input":{"@type":"PropertyValueSpecification","valueRequired":true,"valueName":"search_term_string"}}],"inLanguage":"es"},{"@type":"Organization","@id":"https:\/\/www.elbazardejoaqui.com\/#organization","name":"Bazar Joaqui","url":"https:\/\/www.elbazardejoaqui.com\/","logo":{"@type":"ImageObject","inLanguage":"es","@id":"https:\/\/www.elbazardejoaqui.com\/#\/schema\/logo\/image\/","url":"https:\/\/www.elbazardejoaqui.com\/wp-content\/uploads\/2020\/12\/elbazarlogo.png","contentUrl":"https:\/\/www.elbazardejoaqui.com\/wp-content\/uploads\/2020\/12\/elbazarlogo.png","width":1129,"height":264,"caption":"Bazar Joaqui"},"image":{"@id":"https:\/\/www.elbazardejoaqui.com\/#\/schema\/logo\/image\/"}}]}},"_links":{"self":[{"href":"https:\/\/www.elbazardejoaqui.com\/index.php?rest_route=\/wp\/v2\/product\/1008","targetHints":{"allow":["GET"]}}],"collection":[{"href":"https:\/\/www.elbazardejoaqui.com\/index.php?rest_route=\/wp\/v2\/product"}],"about":[{"href":"https:\/\/www.elbazardejoaqui.com\/index.php?rest_route=\/wp\/v2\/types\/product"}],"wp:featuredmedia":[{"embeddable":true,"href":"https:\/\/www.elbazardejoaqui.com\/index.php?rest_route=\/wp\/v2\/media\/960"}],"wp:attachment":[{"href":"https:\/\/www.elbazardejoaqui.com\/index.php?rest_route=%2Fwp%2Fv2%2Fmedia&parent=1008"}],"wp:term":[{"taxonomy":"product_brand","embeddable":true,"href":"https:\/\/www.elbazardejoaqui.com\/index.php?rest_route=%2Fwp%2Fv2%2Fproduct_brand&post=1008"},{"taxonomy":"product_cat","embeddable":true,"href":"https:\/\/www.elbazardejoaqui.com\/index.php?rest_route=%2Fwp%2Fv2%2Fproduct_cat&post=1008"},{"taxonomy":"product_tag","embeddable":true,"href":"https:\/\/www.elbazardejoaqui.com\/index.php?rest_route=%2Fwp%2Fv2%2Fproduct_tag&post=1008"}],"curies":[{"name":"wp","href":"https:\/\/api.w.org\/{rel}","templated":true}]}}