{"id":1009,"date":"2020-12-07T16:00:31","date_gmt":"2020-12-07T16:00:31","guid":{"rendered":"http:\/\/www.jmhogar.com\/?post_type=product&#038;p=1009"},"modified":"2022-06-21T00:39:50","modified_gmt":"2022-06-20T23:39:50","slug":"set-de-regalo-de-higiene-de-bebe","status":"publish","type":"product","link":"https:\/\/www.elbazardejoaqui.com\/?product=set-de-regalo-de-higiene-de-bebe","title":{"rendered":"Colonia Victorio &#038; Lucchino n\u00ba2"},"content":{"rendered":"<p>Colonia Victorio &#038; Lucchino n\u00ba2 Rosa Fresca, con una delicada esencia, fresca y luminosa provenientes de los p\u00e9talos de rosas de Bulgaria.<br \/>\nSe presenta en envase de cristal de 150 ml y una bonita caja para tus regalos.<\/p>\n","protected":false},"excerpt":{"rendered":"<p>Colonia Victorio &#038; Lucchino n\u00ba2 Rosa Fresca, con una delicada esencia, fresca y luminosa provenientes de los p\u00e9talos de rosas de Bulgaria.<br \/>\nSe presenta en envase de cristal de 150 ml.<\/p>\n","protected":false},"featured_media":2361,"template":"","meta":[],"product_brand":[],"product_cat":[130,132,42],"product_tag":[475,476],"class_list":{"0":"post-1009","1":"product","2":"type-product","3":"status-publish","4":"has-post-thumbnail","6":"product_cat-higiene-personal","7":"product_cat-infantil","8":"product_cat-bebe","9":"product_tag-colonia-fresca","10":"product_tag-victorio-lucchino","12":"first","13":"instock","14":"taxable","15":"shipping-taxable","16":"purchasable","17":"product-type-simple"},"yoast_head":"<!-- This site is optimized with the Yoast SEO plugin v26.3 - https:\/\/yoast.com\/wordpress\/plugins\/seo\/ -->\n<title>Colonia Victorio &amp; Lucchino n\u00ba2 - elbazardejoaqui.com<\/title>\n<meta name=\"description\" content=\"Colonia Victorio &amp; Lucchino n\u00ba2 Rosa Fresca, con una delicada esencia, fresca y luminosa. Se presenta en envase de cristal de 150 ml\" \/>\n<meta name=\"robots\" content=\"noindex, follow, max-snippet:-1, max-image-preview:large, max-video-preview:-1\" \/>\n<meta property=\"og:locale\" content=\"es_ES\" \/>\n<meta property=\"og:type\" content=\"article\" \/>\n<meta property=\"og:title\" content=\"Colonia Victorio &amp; Lucchino n\u00ba2 - elbazardejoaqui.com\" \/>\n<meta property=\"og:description\" content=\"Colonia Victorio &amp; Lucchino n\u00ba2 Rosa Fresca, con una delicada esencia, fresca y luminosa. Se presenta en envase de cristal de 150 ml\" \/>\n<meta property=\"og:url\" content=\"https:\/\/www.elbazardejoaqui.com\/?product=set-de-regalo-de-higiene-de-bebe\" \/>\n<meta property=\"og:site_name\" content=\"elbazardejoaqui.com\" \/>\n<meta property=\"article:modified_time\" content=\"2022-06-20T23:39:50+00:00\" \/>\n<meta property=\"og:image\" content=\"http:\/\/www.elbazardejoaqui.com\/wp-content\/uploads\/2022\/06\/Diseno-sin-titulo-7.png\" \/>\n\t<meta property=\"og:image:width\" content=\"600\" \/>\n\t<meta property=\"og:image:height\" content=\"600\" \/>\n\t<meta property=\"og:image:type\" content=\"image\/png\" \/>\n<meta name=\"twitter:card\" content=\"summary_large_image\" \/>\n<script type=\"application\/ld+json\" class=\"yoast-schema-graph\">{\"@context\":\"https:\/\/schema.org\",\"@graph\":[{\"@type\":\"WebPage\",\"@id\":\"https:\/\/www.elbazardejoaqui.com\/?product=set-de-regalo-de-higiene-de-bebe\",\"url\":\"https:\/\/www.elbazardejoaqui.com\/?product=set-de-regalo-de-higiene-de-bebe\",\"name\":\"Colonia Victorio & Lucchino n\u00ba2 - elbazardejoaqui.com\",\"isPartOf\":{\"@id\":\"https:\/\/www.elbazardejoaqui.com\/#website\"},\"primaryImageOfPage\":{\"@id\":\"https:\/\/www.elbazardejoaqui.com\/?product=set-de-regalo-de-higiene-de-bebe#primaryimage\"},\"image\":{\"@id\":\"https:\/\/www.elbazardejoaqui.com\/?product=set-de-regalo-de-higiene-de-bebe#primaryimage\"},\"thumbnailUrl\":\"https:\/\/www.elbazardejoaqui.com\/wp-content\/uploads\/2022\/06\/Diseno-sin-titulo-7.png\",\"datePublished\":\"2020-12-07T16:00:31+00:00\",\"dateModified\":\"2022-06-20T23:39:50+00:00\",\"description\":\"Colonia Victorio & Lucchino n\u00ba2 Rosa Fresca, con una delicada esencia, fresca y luminosa. Se presenta en envase de cristal de 150 ml\",\"breadcrumb\":{\"@id\":\"https:\/\/www.elbazardejoaqui.com\/?product=set-de-regalo-de-higiene-de-bebe#breadcrumb\"},\"inLanguage\":\"es\",\"potentialAction\":[{\"@type\":\"ReadAction\",\"target\":[\"https:\/\/www.elbazardejoaqui.com\/?product=set-de-regalo-de-higiene-de-bebe\"]}]},{\"@type\":\"ImageObject\",\"inLanguage\":\"es\",\"@id\":\"https:\/\/www.elbazardejoaqui.com\/?product=set-de-regalo-de-higiene-de-bebe#primaryimage\",\"url\":\"https:\/\/www.elbazardejoaqui.com\/wp-content\/uploads\/2022\/06\/Diseno-sin-titulo-7.png\",\"contentUrl\":\"https:\/\/www.elbazardejoaqui.com\/wp-content\/uploads\/2022\/06\/Diseno-sin-titulo-7.png\",\"width\":600,\"height\":600,\"caption\":\"Colonia Victorio & Lucchino n\u00ba2\"},{\"@type\":\"BreadcrumbList\",\"@id\":\"https:\/\/www.elbazardejoaqui.com\/?product=set-de-regalo-de-higiene-de-bebe#breadcrumb\",\"itemListElement\":[{\"@type\":\"ListItem\",\"position\":1,\"name\":\"Portada\",\"item\":\"https:\/\/www.elbazardejoaqui.com\/\"},{\"@type\":\"ListItem\",\"position\":2,\"name\":\"Tus productos\",\"item\":\"https:\/\/www.elbazardejoaqui.com\/?page_id=376\"},{\"@type\":\"ListItem\",\"position\":3,\"name\":\"Colonia Victorio &#038; Lucchino n\u00ba2\"}]},{\"@type\":\"WebSite\",\"@id\":\"https:\/\/www.elbazardejoaqui.com\/#website\",\"url\":\"https:\/\/www.elbazardejoaqui.com\/\",\"name\":\"elbazardejoaqui.com\",\"description\":\"Droguer\u00eda, mercer\u00eda, papeler\u00eda, ropa de hogar, menaje, mascarillas, juguetes y mucho m\u00e1s\",\"publisher\":{\"@id\":\"https:\/\/www.elbazardejoaqui.com\/#organization\"},\"potentialAction\":[{\"@type\":\"SearchAction\",\"target\":{\"@type\":\"EntryPoint\",\"urlTemplate\":\"https:\/\/www.elbazardejoaqui.com\/?s={search_term_string}\"},\"query-input\":{\"@type\":\"PropertyValueSpecification\",\"valueRequired\":true,\"valueName\":\"search_term_string\"}}],\"inLanguage\":\"es\"},{\"@type\":\"Organization\",\"@id\":\"https:\/\/www.elbazardejoaqui.com\/#organization\",\"name\":\"Bazar Joaqui\",\"url\":\"https:\/\/www.elbazardejoaqui.com\/\",\"logo\":{\"@type\":\"ImageObject\",\"inLanguage\":\"es\",\"@id\":\"https:\/\/www.elbazardejoaqui.com\/#\/schema\/logo\/image\/\",\"url\":\"https:\/\/www.elbazardejoaqui.com\/wp-content\/uploads\/2020\/12\/elbazarlogo.png\",\"contentUrl\":\"https:\/\/www.elbazardejoaqui.com\/wp-content\/uploads\/2020\/12\/elbazarlogo.png\",\"width\":1129,\"height\":264,\"caption\":\"Bazar Joaqui\"},\"image\":{\"@id\":\"https:\/\/www.elbazardejoaqui.com\/#\/schema\/logo\/image\/\"}}]}<\/script>\n<!-- \/ Yoast SEO plugin. -->","yoast_head_json":{"title":"Colonia Victorio & Lucchino n\u00ba2 - elbazardejoaqui.com","description":"Colonia Victorio & Lucchino n\u00ba2 Rosa Fresca, con una delicada esencia, fresca y luminosa. Se presenta en envase de cristal de 150 ml","robots":{"index":"noindex","follow":"follow","max-snippet":"max-snippet:-1","max-image-preview":"max-image-preview:large","max-video-preview":"max-video-preview:-1"},"og_locale":"es_ES","og_type":"article","og_title":"Colonia Victorio & Lucchino n\u00ba2 - elbazardejoaqui.com","og_description":"Colonia Victorio & Lucchino n\u00ba2 Rosa Fresca, con una delicada esencia, fresca y luminosa. Se presenta en envase de cristal de 150 ml","og_url":"https:\/\/www.elbazardejoaqui.com\/?product=set-de-regalo-de-higiene-de-bebe","og_site_name":"elbazardejoaqui.com","article_modified_time":"2022-06-20T23:39:50+00:00","og_image":[{"width":600,"height":600,"url":"http:\/\/www.elbazardejoaqui.com\/wp-content\/uploads\/2022\/06\/Diseno-sin-titulo-7.png","type":"image\/png"}],"twitter_card":"summary_large_image","schema":{"@context":"https:\/\/schema.org","@graph":[{"@type":"WebPage","@id":"https:\/\/www.elbazardejoaqui.com\/?product=set-de-regalo-de-higiene-de-bebe","url":"https:\/\/www.elbazardejoaqui.com\/?product=set-de-regalo-de-higiene-de-bebe","name":"Colonia Victorio & Lucchino n\u00ba2 - elbazardejoaqui.com","isPartOf":{"@id":"https:\/\/www.elbazardejoaqui.com\/#website"},"primaryImageOfPage":{"@id":"https:\/\/www.elbazardejoaqui.com\/?product=set-de-regalo-de-higiene-de-bebe#primaryimage"},"image":{"@id":"https:\/\/www.elbazardejoaqui.com\/?product=set-de-regalo-de-higiene-de-bebe#primaryimage"},"thumbnailUrl":"https:\/\/www.elbazardejoaqui.com\/wp-content\/uploads\/2022\/06\/Diseno-sin-titulo-7.png","datePublished":"2020-12-07T16:00:31+00:00","dateModified":"2022-06-20T23:39:50+00:00","description":"Colonia Victorio & Lucchino n\u00ba2 Rosa Fresca, con una delicada esencia, fresca y luminosa. Se presenta en envase de cristal de 150 ml","breadcrumb":{"@id":"https:\/\/www.elbazardejoaqui.com\/?product=set-de-regalo-de-higiene-de-bebe#breadcrumb"},"inLanguage":"es","potentialAction":[{"@type":"ReadAction","target":["https:\/\/www.elbazardejoaqui.com\/?product=set-de-regalo-de-higiene-de-bebe"]}]},{"@type":"ImageObject","inLanguage":"es","@id":"https:\/\/www.elbazardejoaqui.com\/?product=set-de-regalo-de-higiene-de-bebe#primaryimage","url":"https:\/\/www.elbazardejoaqui.com\/wp-content\/uploads\/2022\/06\/Diseno-sin-titulo-7.png","contentUrl":"https:\/\/www.elbazardejoaqui.com\/wp-content\/uploads\/2022\/06\/Diseno-sin-titulo-7.png","width":600,"height":600,"caption":"Colonia Victorio & Lucchino n\u00ba2"},{"@type":"BreadcrumbList","@id":"https:\/\/www.elbazardejoaqui.com\/?product=set-de-regalo-de-higiene-de-bebe#breadcrumb","itemListElement":[{"@type":"ListItem","position":1,"name":"Portada","item":"https:\/\/www.elbazardejoaqui.com\/"},{"@type":"ListItem","position":2,"name":"Tus productos","item":"https:\/\/www.elbazardejoaqui.com\/?page_id=376"},{"@type":"ListItem","position":3,"name":"Colonia Victorio &#038; Lucchino n\u00ba2"}]},{"@type":"WebSite","@id":"https:\/\/www.elbazardejoaqui.com\/#website","url":"https:\/\/www.elbazardejoaqui.com\/","name":"elbazardejoaqui.com","description":"Droguer\u00eda, mercer\u00eda, papeler\u00eda, ropa de hogar, menaje, mascarillas, juguetes y mucho m\u00e1s","publisher":{"@id":"https:\/\/www.elbazardejoaqui.com\/#organization"},"potentialAction":[{"@type":"SearchAction","target":{"@type":"EntryPoint","urlTemplate":"https:\/\/www.elbazardejoaqui.com\/?s={search_term_string}"},"query-input":{"@type":"PropertyValueSpecification","valueRequired":true,"valueName":"search_term_string"}}],"inLanguage":"es"},{"@type":"Organization","@id":"https:\/\/www.elbazardejoaqui.com\/#organization","name":"Bazar Joaqui","url":"https:\/\/www.elbazardejoaqui.com\/","logo":{"@type":"ImageObject","inLanguage":"es","@id":"https:\/\/www.elbazardejoaqui.com\/#\/schema\/logo\/image\/","url":"https:\/\/www.elbazardejoaqui.com\/wp-content\/uploads\/2020\/12\/elbazarlogo.png","contentUrl":"https:\/\/www.elbazardejoaqui.com\/wp-content\/uploads\/2020\/12\/elbazarlogo.png","width":1129,"height":264,"caption":"Bazar Joaqui"},"image":{"@id":"https:\/\/www.elbazardejoaqui.com\/#\/schema\/logo\/image\/"}}]}},"_links":{"self":[{"href":"https:\/\/www.elbazardejoaqui.com\/index.php?rest_route=\/wp\/v2\/product\/1009","targetHints":{"allow":["GET"]}}],"collection":[{"href":"https:\/\/www.elbazardejoaqui.com\/index.php?rest_route=\/wp\/v2\/product"}],"about":[{"href":"https:\/\/www.elbazardejoaqui.com\/index.php?rest_route=\/wp\/v2\/types\/product"}],"wp:featuredmedia":[{"embeddable":true,"href":"https:\/\/www.elbazardejoaqui.com\/index.php?rest_route=\/wp\/v2\/media\/2361"}],"wp:attachment":[{"href":"https:\/\/www.elbazardejoaqui.com\/index.php?rest_route=%2Fwp%2Fv2%2Fmedia&parent=1009"}],"wp:term":[{"taxonomy":"product_brand","embeddable":true,"href":"https:\/\/www.elbazardejoaqui.com\/index.php?rest_route=%2Fwp%2Fv2%2Fproduct_brand&post=1009"},{"taxonomy":"product_cat","embeddable":true,"href":"https:\/\/www.elbazardejoaqui.com\/index.php?rest_route=%2Fwp%2Fv2%2Fproduct_cat&post=1009"},{"taxonomy":"product_tag","embeddable":true,"href":"https:\/\/www.elbazardejoaqui.com\/index.php?rest_route=%2Fwp%2Fv2%2Fproduct_tag&post=1009"}],"curies":[{"name":"wp","href":"https:\/\/api.w.org\/{rel}","templated":true}]}}