{"id":1311,"date":"2020-12-23T06:48:22","date_gmt":"2020-12-23T06:48:22","guid":{"rendered":"http:\/\/www.elbazardejoaqui.com\/?post_type=product&#038;p=1311"},"modified":"2020-12-23T06:48:23","modified_gmt":"2020-12-23T06:48:23","slug":"sabanas-cuna-osito-azul","status":"publish","type":"product","link":"https:\/\/www.elbazardejoaqui.com\/?product=sabanas-cuna-osito-azul","title":{"rendered":"S\u00e1banas cuna osito azul"},"content":{"rendered":"","protected":false},"excerpt":{"rendered":"<p>Preciosa s\u00e1bana para la cuna de tu beb\u00e9, fabricado en algod\u00f3n para darle siempre las primeras calidades. Tonos blanco con azul.<\/p>\n","protected":false},"featured_media":1306,"template":"","meta":[],"product_brand":[],"product_cat":[38,42],"product_tag":[24,256,83],"class_list":{"0":"post-1311","1":"product","2":"type-product","3":"status-publish","4":"has-post-thumbnail","6":"product_cat-sabanas","7":"product_cat-bebe","8":"product_tag-bebe","9":"product_tag-cuna","10":"product_tag-sabanas","12":"first","13":"instock","14":"taxable","15":"shipping-taxable","16":"purchasable","17":"product-type-simple"},"yoast_head":"<!-- This site is optimized with the Yoast SEO plugin v26.3 - https:\/\/yoast.com\/wordpress\/plugins\/seo\/ -->\n<title>S\u00e1banas cuna osito azul - elbazardejoaqui.com<\/title>\n<meta name=\"robots\" content=\"noindex, follow, max-snippet:-1, max-image-preview:large, max-video-preview:-1\" \/>\n<meta property=\"og:locale\" content=\"es_ES\" \/>\n<meta property=\"og:type\" content=\"article\" \/>\n<meta property=\"og:title\" content=\"S\u00e1banas cuna osito azul - elbazardejoaqui.com\" \/>\n<meta property=\"og:description\" content=\"Preciosa s\u00e1bana para la cuna de tu beb\u00e9, fabricado en algod\u00f3n para darle siempre las primeras calidades. Tonos blanco con azul.\" \/>\n<meta property=\"og:url\" content=\"https:\/\/www.elbazardejoaqui.com\/?product=sabanas-cuna-osito-azul\" \/>\n<meta property=\"og:site_name\" content=\"elbazardejoaqui.com\" \/>\n<meta property=\"article:modified_time\" content=\"2020-12-23T06:48:23+00:00\" \/>\n<meta property=\"og:image\" content=\"https:\/\/www.elbazardejoaqui.com\/wp-content\/uploads\/2020\/12\/Diseno-sin-titulo34.png\" \/>\n\t<meta property=\"og:image:width\" content=\"600\" \/>\n\t<meta property=\"og:image:height\" content=\"600\" \/>\n\t<meta property=\"og:image:type\" content=\"image\/png\" \/>\n<meta name=\"twitter:card\" content=\"summary_large_image\" \/>\n<script type=\"application\/ld+json\" class=\"yoast-schema-graph\">{\"@context\":\"https:\/\/schema.org\",\"@graph\":[{\"@type\":\"WebPage\",\"@id\":\"https:\/\/www.elbazardejoaqui.com\/?product=sabanas-cuna-osito-azul\",\"url\":\"https:\/\/www.elbazardejoaqui.com\/?product=sabanas-cuna-osito-azul\",\"name\":\"S\u00e1banas cuna osito azul - elbazardejoaqui.com\",\"isPartOf\":{\"@id\":\"https:\/\/www.elbazardejoaqui.com\/#website\"},\"primaryImageOfPage\":{\"@id\":\"https:\/\/www.elbazardejoaqui.com\/?product=sabanas-cuna-osito-azul#primaryimage\"},\"image\":{\"@id\":\"https:\/\/www.elbazardejoaqui.com\/?product=sabanas-cuna-osito-azul#primaryimage\"},\"thumbnailUrl\":\"https:\/\/www.elbazardejoaqui.com\/wp-content\/uploads\/2020\/12\/Diseno-sin-titulo34.png\",\"datePublished\":\"2020-12-23T06:48:22+00:00\",\"dateModified\":\"2020-12-23T06:48:23+00:00\",\"breadcrumb\":{\"@id\":\"https:\/\/www.elbazardejoaqui.com\/?product=sabanas-cuna-osito-azul#breadcrumb\"},\"inLanguage\":\"es\",\"potentialAction\":[{\"@type\":\"ReadAction\",\"target\":[\"https:\/\/www.elbazardejoaqui.com\/?product=sabanas-cuna-osito-azul\"]}]},{\"@type\":\"ImageObject\",\"inLanguage\":\"es\",\"@id\":\"https:\/\/www.elbazardejoaqui.com\/?product=sabanas-cuna-osito-azul#primaryimage\",\"url\":\"https:\/\/www.elbazardejoaqui.com\/wp-content\/uploads\/2020\/12\/Diseno-sin-titulo34.png\",\"contentUrl\":\"https:\/\/www.elbazardejoaqui.com\/wp-content\/uploads\/2020\/12\/Diseno-sin-titulo34.png\",\"width\":600,\"height\":600,\"caption\":\"comprar s\u00e1banas bebe en ciudad real\"},{\"@type\":\"BreadcrumbList\",\"@id\":\"https:\/\/www.elbazardejoaqui.com\/?product=sabanas-cuna-osito-azul#breadcrumb\",\"itemListElement\":[{\"@type\":\"ListItem\",\"position\":1,\"name\":\"Portada\",\"item\":\"https:\/\/www.elbazardejoaqui.com\/\"},{\"@type\":\"ListItem\",\"position\":2,\"name\":\"Tus productos\",\"item\":\"https:\/\/www.elbazardejoaqui.com\/?page_id=376\"},{\"@type\":\"ListItem\",\"position\":3,\"name\":\"S\u00e1banas cuna osito azul\"}]},{\"@type\":\"WebSite\",\"@id\":\"https:\/\/www.elbazardejoaqui.com\/#website\",\"url\":\"https:\/\/www.elbazardejoaqui.com\/\",\"name\":\"elbazardejoaqui.com\",\"description\":\"Droguer\u00eda, mercer\u00eda, papeler\u00eda, ropa de hogar, menaje, mascarillas, juguetes y mucho m\u00e1s\",\"publisher\":{\"@id\":\"https:\/\/www.elbazardejoaqui.com\/#organization\"},\"potentialAction\":[{\"@type\":\"SearchAction\",\"target\":{\"@type\":\"EntryPoint\",\"urlTemplate\":\"https:\/\/www.elbazardejoaqui.com\/?s={search_term_string}\"},\"query-input\":{\"@type\":\"PropertyValueSpecification\",\"valueRequired\":true,\"valueName\":\"search_term_string\"}}],\"inLanguage\":\"es\"},{\"@type\":\"Organization\",\"@id\":\"https:\/\/www.elbazardejoaqui.com\/#organization\",\"name\":\"Bazar Joaqui\",\"url\":\"https:\/\/www.elbazardejoaqui.com\/\",\"logo\":{\"@type\":\"ImageObject\",\"inLanguage\":\"es\",\"@id\":\"https:\/\/www.elbazardejoaqui.com\/#\/schema\/logo\/image\/\",\"url\":\"https:\/\/www.elbazardejoaqui.com\/wp-content\/uploads\/2020\/12\/elbazarlogo.png\",\"contentUrl\":\"https:\/\/www.elbazardejoaqui.com\/wp-content\/uploads\/2020\/12\/elbazarlogo.png\",\"width\":1129,\"height\":264,\"caption\":\"Bazar Joaqui\"},\"image\":{\"@id\":\"https:\/\/www.elbazardejoaqui.com\/#\/schema\/logo\/image\/\"}}]}<\/script>\n<!-- \/ Yoast SEO plugin. -->","yoast_head_json":{"title":"S\u00e1banas cuna osito azul - elbazardejoaqui.com","robots":{"index":"noindex","follow":"follow","max-snippet":"max-snippet:-1","max-image-preview":"max-image-preview:large","max-video-preview":"max-video-preview:-1"},"og_locale":"es_ES","og_type":"article","og_title":"S\u00e1banas cuna osito azul - elbazardejoaqui.com","og_description":"Preciosa s\u00e1bana para la cuna de tu beb\u00e9, fabricado en algod\u00f3n para darle siempre las primeras calidades. Tonos blanco con azul.","og_url":"https:\/\/www.elbazardejoaqui.com\/?product=sabanas-cuna-osito-azul","og_site_name":"elbazardejoaqui.com","article_modified_time":"2020-12-23T06:48:23+00:00","og_image":[{"width":600,"height":600,"url":"https:\/\/www.elbazardejoaqui.com\/wp-content\/uploads\/2020\/12\/Diseno-sin-titulo34.png","type":"image\/png"}],"twitter_card":"summary_large_image","schema":{"@context":"https:\/\/schema.org","@graph":[{"@type":"WebPage","@id":"https:\/\/www.elbazardejoaqui.com\/?product=sabanas-cuna-osito-azul","url":"https:\/\/www.elbazardejoaqui.com\/?product=sabanas-cuna-osito-azul","name":"S\u00e1banas cuna osito azul - elbazardejoaqui.com","isPartOf":{"@id":"https:\/\/www.elbazardejoaqui.com\/#website"},"primaryImageOfPage":{"@id":"https:\/\/www.elbazardejoaqui.com\/?product=sabanas-cuna-osito-azul#primaryimage"},"image":{"@id":"https:\/\/www.elbazardejoaqui.com\/?product=sabanas-cuna-osito-azul#primaryimage"},"thumbnailUrl":"https:\/\/www.elbazardejoaqui.com\/wp-content\/uploads\/2020\/12\/Diseno-sin-titulo34.png","datePublished":"2020-12-23T06:48:22+00:00","dateModified":"2020-12-23T06:48:23+00:00","breadcrumb":{"@id":"https:\/\/www.elbazardejoaqui.com\/?product=sabanas-cuna-osito-azul#breadcrumb"},"inLanguage":"es","potentialAction":[{"@type":"ReadAction","target":["https:\/\/www.elbazardejoaqui.com\/?product=sabanas-cuna-osito-azul"]}]},{"@type":"ImageObject","inLanguage":"es","@id":"https:\/\/www.elbazardejoaqui.com\/?product=sabanas-cuna-osito-azul#primaryimage","url":"https:\/\/www.elbazardejoaqui.com\/wp-content\/uploads\/2020\/12\/Diseno-sin-titulo34.png","contentUrl":"https:\/\/www.elbazardejoaqui.com\/wp-content\/uploads\/2020\/12\/Diseno-sin-titulo34.png","width":600,"height":600,"caption":"comprar s\u00e1banas bebe en ciudad real"},{"@type":"BreadcrumbList","@id":"https:\/\/www.elbazardejoaqui.com\/?product=sabanas-cuna-osito-azul#breadcrumb","itemListElement":[{"@type":"ListItem","position":1,"name":"Portada","item":"https:\/\/www.elbazardejoaqui.com\/"},{"@type":"ListItem","position":2,"name":"Tus productos","item":"https:\/\/www.elbazardejoaqui.com\/?page_id=376"},{"@type":"ListItem","position":3,"name":"S\u00e1banas cuna osito azul"}]},{"@type":"WebSite","@id":"https:\/\/www.elbazardejoaqui.com\/#website","url":"https:\/\/www.elbazardejoaqui.com\/","name":"elbazardejoaqui.com","description":"Droguer\u00eda, mercer\u00eda, papeler\u00eda, ropa de hogar, menaje, mascarillas, juguetes y mucho m\u00e1s","publisher":{"@id":"https:\/\/www.elbazardejoaqui.com\/#organization"},"potentialAction":[{"@type":"SearchAction","target":{"@type":"EntryPoint","urlTemplate":"https:\/\/www.elbazardejoaqui.com\/?s={search_term_string}"},"query-input":{"@type":"PropertyValueSpecification","valueRequired":true,"valueName":"search_term_string"}}],"inLanguage":"es"},{"@type":"Organization","@id":"https:\/\/www.elbazardejoaqui.com\/#organization","name":"Bazar Joaqui","url":"https:\/\/www.elbazardejoaqui.com\/","logo":{"@type":"ImageObject","inLanguage":"es","@id":"https:\/\/www.elbazardejoaqui.com\/#\/schema\/logo\/image\/","url":"https:\/\/www.elbazardejoaqui.com\/wp-content\/uploads\/2020\/12\/elbazarlogo.png","contentUrl":"https:\/\/www.elbazardejoaqui.com\/wp-content\/uploads\/2020\/12\/elbazarlogo.png","width":1129,"height":264,"caption":"Bazar Joaqui"},"image":{"@id":"https:\/\/www.elbazardejoaqui.com\/#\/schema\/logo\/image\/"}}]}},"_links":{"self":[{"href":"https:\/\/www.elbazardejoaqui.com\/index.php?rest_route=\/wp\/v2\/product\/1311","targetHints":{"allow":["GET"]}}],"collection":[{"href":"https:\/\/www.elbazardejoaqui.com\/index.php?rest_route=\/wp\/v2\/product"}],"about":[{"href":"https:\/\/www.elbazardejoaqui.com\/index.php?rest_route=\/wp\/v2\/types\/product"}],"wp:featuredmedia":[{"embeddable":true,"href":"https:\/\/www.elbazardejoaqui.com\/index.php?rest_route=\/wp\/v2\/media\/1306"}],"wp:attachment":[{"href":"https:\/\/www.elbazardejoaqui.com\/index.php?rest_route=%2Fwp%2Fv2%2Fmedia&parent=1311"}],"wp:term":[{"taxonomy":"product_brand","embeddable":true,"href":"https:\/\/www.elbazardejoaqui.com\/index.php?rest_route=%2Fwp%2Fv2%2Fproduct_brand&post=1311"},{"taxonomy":"product_cat","embeddable":true,"href":"https:\/\/www.elbazardejoaqui.com\/index.php?rest_route=%2Fwp%2Fv2%2Fproduct_cat&post=1311"},{"taxonomy":"product_tag","embeddable":true,"href":"https:\/\/www.elbazardejoaqui.com\/index.php?rest_route=%2Fwp%2Fv2%2Fproduct_tag&post=1311"}],"curies":[{"name":"wp","href":"https:\/\/api.w.org\/{rel}","templated":true}]}}