{"id":1686,"date":"2021-03-07T03:28:52","date_gmt":"2021-03-07T03:28:52","guid":{"rendered":"http:\/\/www.jmhogar.com\/?post_type=product&#038;p=1686"},"modified":"2021-03-15T23:39:26","modified_gmt":"2021-03-15T23:39:26","slug":"compas-stop-de-maped","status":"publish","type":"product","link":"https:\/\/www.elbazardejoaqui.com\/?product=compas-stop-de-maped","title":{"rendered":"Comp\u00e1s Stop de Maped"},"content":{"rendered":"","protected":false},"excerpt":{"rendered":"<p>Con el comp\u00e1s Stop de Maped podr\u00e1s controlar la apertura gracias a su palanca que hace que no var\u00ede el di\u00e1metro que le indiques. A\u00f1ade minas de recambio y un adaptador para lapiceros \u00f3 calibrados.<\/p>\n","protected":false},"featured_media":1641,"template":"","meta":[],"product_brand":[],"product_cat":[420],"product_tag":[335,336],"class_list":{"0":"post-1686","1":"product","2":"type-product","3":"status-publish","4":"has-post-thumbnail","6":"product_cat-varios-de-papeleria","7":"product_tag-compas-maped","8":"product_tag-compas-stop","10":"first","11":"instock","12":"taxable","13":"shipping-taxable","14":"product-type-simple"},"yoast_head":"<!-- This site is optimized with the Yoast SEO plugin v26.3 - https:\/\/yoast.com\/wordpress\/plugins\/seo\/ -->\n<title>Comp\u00e1s Stop de Maped - elbazardejoaqui.com<\/title>\n<meta name=\"robots\" content=\"noindex, follow, max-snippet:-1, max-image-preview:large, max-video-preview:-1\" \/>\n<meta property=\"og:locale\" content=\"es_ES\" \/>\n<meta property=\"og:type\" content=\"article\" \/>\n<meta property=\"og:title\" content=\"Comp\u00e1s Stop de Maped - elbazardejoaqui.com\" \/>\n<meta property=\"og:description\" content=\"Con el comp\u00e1s Stop de Maped podr\u00e1s controlar la apertura gracias a su palanca que hace que no var\u00ede el di\u00e1metro que le indiques. A\u00f1ade minas de recambio y un adaptador para lapiceros \u00f3 calibrados.\" \/>\n<meta property=\"og:url\" content=\"https:\/\/www.elbazardejoaqui.com\/?product=compas-stop-de-maped\" \/>\n<meta property=\"og:site_name\" content=\"elbazardejoaqui.com\" \/>\n<meta property=\"article:modified_time\" content=\"2021-03-15T23:39:26+00:00\" \/>\n<meta property=\"og:image\" content=\"https:\/\/www.elbazardejoaqui.com\/wp-content\/uploads\/2021\/03\/Diseno-sin-titulo31.png\" \/>\n\t<meta property=\"og:image:width\" content=\"600\" \/>\n\t<meta property=\"og:image:height\" content=\"600\" \/>\n\t<meta property=\"og:image:type\" content=\"image\/png\" \/>\n<meta name=\"twitter:card\" content=\"summary_large_image\" \/>\n<script type=\"application\/ld+json\" class=\"yoast-schema-graph\">{\"@context\":\"https:\/\/schema.org\",\"@graph\":[{\"@type\":\"WebPage\",\"@id\":\"https:\/\/www.elbazardejoaqui.com\/?product=compas-stop-de-maped\",\"url\":\"https:\/\/www.elbazardejoaqui.com\/?product=compas-stop-de-maped\",\"name\":\"Comp\u00e1s Stop de Maped - elbazardejoaqui.com\",\"isPartOf\":{\"@id\":\"https:\/\/www.elbazardejoaqui.com\/#website\"},\"primaryImageOfPage\":{\"@id\":\"https:\/\/www.elbazardejoaqui.com\/?product=compas-stop-de-maped#primaryimage\"},\"image\":{\"@id\":\"https:\/\/www.elbazardejoaqui.com\/?product=compas-stop-de-maped#primaryimage\"},\"thumbnailUrl\":\"https:\/\/www.elbazardejoaqui.com\/wp-content\/uploads\/2021\/03\/Diseno-sin-titulo31.png\",\"datePublished\":\"2021-03-07T03:28:52+00:00\",\"dateModified\":\"2021-03-15T23:39:26+00:00\",\"breadcrumb\":{\"@id\":\"https:\/\/www.elbazardejoaqui.com\/?product=compas-stop-de-maped#breadcrumb\"},\"inLanguage\":\"es\",\"potentialAction\":[{\"@type\":\"ReadAction\",\"target\":[\"https:\/\/www.elbazardejoaqui.com\/?product=compas-stop-de-maped\"]}]},{\"@type\":\"ImageObject\",\"inLanguage\":\"es\",\"@id\":\"https:\/\/www.elbazardejoaqui.com\/?product=compas-stop-de-maped#primaryimage\",\"url\":\"https:\/\/www.elbazardejoaqui.com\/wp-content\/uploads\/2021\/03\/Diseno-sin-titulo31.png\",\"contentUrl\":\"https:\/\/www.elbazardejoaqui.com\/wp-content\/uploads\/2021\/03\/Diseno-sin-titulo31.png\",\"width\":600,\"height\":600,\"caption\":\"Comp\u00e1s Maped comprar en Ciudad Real\"},{\"@type\":\"BreadcrumbList\",\"@id\":\"https:\/\/www.elbazardejoaqui.com\/?product=compas-stop-de-maped#breadcrumb\",\"itemListElement\":[{\"@type\":\"ListItem\",\"position\":1,\"name\":\"Portada\",\"item\":\"https:\/\/www.elbazardejoaqui.com\/\"},{\"@type\":\"ListItem\",\"position\":2,\"name\":\"Tus productos\",\"item\":\"https:\/\/www.elbazardejoaqui.com\/?page_id=376\"},{\"@type\":\"ListItem\",\"position\":3,\"name\":\"Comp\u00e1s Stop de Maped\"}]},{\"@type\":\"WebSite\",\"@id\":\"https:\/\/www.elbazardejoaqui.com\/#website\",\"url\":\"https:\/\/www.elbazardejoaqui.com\/\",\"name\":\"elbazardejoaqui.com\",\"description\":\"Droguer\u00eda, mercer\u00eda, papeler\u00eda, ropa de hogar, menaje, mascarillas, juguetes y mucho m\u00e1s\",\"publisher\":{\"@id\":\"https:\/\/www.elbazardejoaqui.com\/#organization\"},\"potentialAction\":[{\"@type\":\"SearchAction\",\"target\":{\"@type\":\"EntryPoint\",\"urlTemplate\":\"https:\/\/www.elbazardejoaqui.com\/?s={search_term_string}\"},\"query-input\":{\"@type\":\"PropertyValueSpecification\",\"valueRequired\":true,\"valueName\":\"search_term_string\"}}],\"inLanguage\":\"es\"},{\"@type\":\"Organization\",\"@id\":\"https:\/\/www.elbazardejoaqui.com\/#organization\",\"name\":\"Bazar Joaqui\",\"url\":\"https:\/\/www.elbazardejoaqui.com\/\",\"logo\":{\"@type\":\"ImageObject\",\"inLanguage\":\"es\",\"@id\":\"https:\/\/www.elbazardejoaqui.com\/#\/schema\/logo\/image\/\",\"url\":\"https:\/\/www.elbazardejoaqui.com\/wp-content\/uploads\/2020\/12\/elbazarlogo.png\",\"contentUrl\":\"https:\/\/www.elbazardejoaqui.com\/wp-content\/uploads\/2020\/12\/elbazarlogo.png\",\"width\":1129,\"height\":264,\"caption\":\"Bazar Joaqui\"},\"image\":{\"@id\":\"https:\/\/www.elbazardejoaqui.com\/#\/schema\/logo\/image\/\"}}]}<\/script>\n<!-- \/ Yoast SEO plugin. -->","yoast_head_json":{"title":"Comp\u00e1s Stop de Maped - elbazardejoaqui.com","robots":{"index":"noindex","follow":"follow","max-snippet":"max-snippet:-1","max-image-preview":"max-image-preview:large","max-video-preview":"max-video-preview:-1"},"og_locale":"es_ES","og_type":"article","og_title":"Comp\u00e1s Stop de Maped - elbazardejoaqui.com","og_description":"Con el comp\u00e1s Stop de Maped podr\u00e1s controlar la apertura gracias a su palanca que hace que no var\u00ede el di\u00e1metro que le indiques. A\u00f1ade minas de recambio y un adaptador para lapiceros \u00f3 calibrados.","og_url":"https:\/\/www.elbazardejoaqui.com\/?product=compas-stop-de-maped","og_site_name":"elbazardejoaqui.com","article_modified_time":"2021-03-15T23:39:26+00:00","og_image":[{"width":600,"height":600,"url":"https:\/\/www.elbazardejoaqui.com\/wp-content\/uploads\/2021\/03\/Diseno-sin-titulo31.png","type":"image\/png"}],"twitter_card":"summary_large_image","schema":{"@context":"https:\/\/schema.org","@graph":[{"@type":"WebPage","@id":"https:\/\/www.elbazardejoaqui.com\/?product=compas-stop-de-maped","url":"https:\/\/www.elbazardejoaqui.com\/?product=compas-stop-de-maped","name":"Comp\u00e1s Stop de Maped - elbazardejoaqui.com","isPartOf":{"@id":"https:\/\/www.elbazardejoaqui.com\/#website"},"primaryImageOfPage":{"@id":"https:\/\/www.elbazardejoaqui.com\/?product=compas-stop-de-maped#primaryimage"},"image":{"@id":"https:\/\/www.elbazardejoaqui.com\/?product=compas-stop-de-maped#primaryimage"},"thumbnailUrl":"https:\/\/www.elbazardejoaqui.com\/wp-content\/uploads\/2021\/03\/Diseno-sin-titulo31.png","datePublished":"2021-03-07T03:28:52+00:00","dateModified":"2021-03-15T23:39:26+00:00","breadcrumb":{"@id":"https:\/\/www.elbazardejoaqui.com\/?product=compas-stop-de-maped#breadcrumb"},"inLanguage":"es","potentialAction":[{"@type":"ReadAction","target":["https:\/\/www.elbazardejoaqui.com\/?product=compas-stop-de-maped"]}]},{"@type":"ImageObject","inLanguage":"es","@id":"https:\/\/www.elbazardejoaqui.com\/?product=compas-stop-de-maped#primaryimage","url":"https:\/\/www.elbazardejoaqui.com\/wp-content\/uploads\/2021\/03\/Diseno-sin-titulo31.png","contentUrl":"https:\/\/www.elbazardejoaqui.com\/wp-content\/uploads\/2021\/03\/Diseno-sin-titulo31.png","width":600,"height":600,"caption":"Comp\u00e1s Maped comprar en Ciudad Real"},{"@type":"BreadcrumbList","@id":"https:\/\/www.elbazardejoaqui.com\/?product=compas-stop-de-maped#breadcrumb","itemListElement":[{"@type":"ListItem","position":1,"name":"Portada","item":"https:\/\/www.elbazardejoaqui.com\/"},{"@type":"ListItem","position":2,"name":"Tus productos","item":"https:\/\/www.elbazardejoaqui.com\/?page_id=376"},{"@type":"ListItem","position":3,"name":"Comp\u00e1s Stop de Maped"}]},{"@type":"WebSite","@id":"https:\/\/www.elbazardejoaqui.com\/#website","url":"https:\/\/www.elbazardejoaqui.com\/","name":"elbazardejoaqui.com","description":"Droguer\u00eda, mercer\u00eda, papeler\u00eda, ropa de hogar, menaje, mascarillas, juguetes y mucho m\u00e1s","publisher":{"@id":"https:\/\/www.elbazardejoaqui.com\/#organization"},"potentialAction":[{"@type":"SearchAction","target":{"@type":"EntryPoint","urlTemplate":"https:\/\/www.elbazardejoaqui.com\/?s={search_term_string}"},"query-input":{"@type":"PropertyValueSpecification","valueRequired":true,"valueName":"search_term_string"}}],"inLanguage":"es"},{"@type":"Organization","@id":"https:\/\/www.elbazardejoaqui.com\/#organization","name":"Bazar Joaqui","url":"https:\/\/www.elbazardejoaqui.com\/","logo":{"@type":"ImageObject","inLanguage":"es","@id":"https:\/\/www.elbazardejoaqui.com\/#\/schema\/logo\/image\/","url":"https:\/\/www.elbazardejoaqui.com\/wp-content\/uploads\/2020\/12\/elbazarlogo.png","contentUrl":"https:\/\/www.elbazardejoaqui.com\/wp-content\/uploads\/2020\/12\/elbazarlogo.png","width":1129,"height":264,"caption":"Bazar Joaqui"},"image":{"@id":"https:\/\/www.elbazardejoaqui.com\/#\/schema\/logo\/image\/"}}]}},"_links":{"self":[{"href":"https:\/\/www.elbazardejoaqui.com\/index.php?rest_route=\/wp\/v2\/product\/1686","targetHints":{"allow":["GET"]}}],"collection":[{"href":"https:\/\/www.elbazardejoaqui.com\/index.php?rest_route=\/wp\/v2\/product"}],"about":[{"href":"https:\/\/www.elbazardejoaqui.com\/index.php?rest_route=\/wp\/v2\/types\/product"}],"wp:featuredmedia":[{"embeddable":true,"href":"https:\/\/www.elbazardejoaqui.com\/index.php?rest_route=\/wp\/v2\/media\/1641"}],"wp:attachment":[{"href":"https:\/\/www.elbazardejoaqui.com\/index.php?rest_route=%2Fwp%2Fv2%2Fmedia&parent=1686"}],"wp:term":[{"taxonomy":"product_brand","embeddable":true,"href":"https:\/\/www.elbazardejoaqui.com\/index.php?rest_route=%2Fwp%2Fv2%2Fproduct_brand&post=1686"},{"taxonomy":"product_cat","embeddable":true,"href":"https:\/\/www.elbazardejoaqui.com\/index.php?rest_route=%2Fwp%2Fv2%2Fproduct_cat&post=1686"},{"taxonomy":"product_tag","embeddable":true,"href":"https:\/\/www.elbazardejoaqui.com\/index.php?rest_route=%2Fwp%2Fv2%2Fproduct_tag&post=1686"}],"curies":[{"name":"wp","href":"https:\/\/api.w.org\/{rel}","templated":true}]}}