{"id":1902,"date":"2021-03-13T01:51:25","date_gmt":"2021-03-13T01:51:25","guid":{"rendered":"http:\/\/www.jmhogar.com\/?post_type=product&#038;p=1902"},"modified":"2021-03-13T01:51:25","modified_gmt":"2021-03-13T01:51:25","slug":"protector-sabana-impermeable","status":"publish","type":"product","link":"https:\/\/www.elbazardejoaqui.com\/?product=protector-sabana-impermeable","title":{"rendered":"Protector s\u00e1bana impermeable"},"content":{"rendered":"","protected":false},"excerpt":{"rendered":"<p>S\u00e1bana protector impermeable transpirable. Anti\u00e1caros e hipoalerg\u00e9nico.<br \/>\nNo da calor. Pasa el aire pero no el l\u00edquido. V\u00e1lido para el l\u00e1tex.<br \/>\nL\u00e1mina microporosa de poliuretano.<br \/>\nAlgod\u00f3n 100%.<\/p>\n","protected":false},"featured_media":1888,"template":"","meta":[],"product_brand":[],"product_cat":[40],"product_tag":[372,371,373],"class_list":{"0":"post-1902","1":"product","2":"type-product","3":"status-publish","4":"has-post-thumbnail","6":"product_cat-protectores","7":"product_tag-protector-colchon","8":"product_tag-protector-tela","9":"product_tag-sabana-impermeable","11":"first","12":"instock","13":"taxable","14":"shipping-taxable","15":"purchasable","16":"product-type-variable"},"yoast_head":"<!-- This site is optimized with the Yoast SEO plugin v26.3 - https:\/\/yoast.com\/wordpress\/plugins\/seo\/ -->\n<title>Protector s\u00e1bana impermeable - elbazardejoaqui.com<\/title>\n<meta name=\"robots\" content=\"noindex, follow, max-snippet:-1, max-image-preview:large, max-video-preview:-1\" \/>\n<meta property=\"og:locale\" content=\"es_ES\" \/>\n<meta property=\"og:type\" content=\"article\" \/>\n<meta property=\"og:title\" content=\"Protector s\u00e1bana impermeable - elbazardejoaqui.com\" \/>\n<meta property=\"og:description\" content=\"S\u00e1bana protector impermeable transpirable. Anti\u00e1caros e hipoalerg\u00e9nico. No da calor. Pasa el aire pero no el l\u00edquido. V\u00e1lido para el l\u00e1tex. L\u00e1mina microporosa de poliuretano. Algod\u00f3n 100%.\" \/>\n<meta property=\"og:url\" content=\"https:\/\/www.elbazardejoaqui.com\/?product=protector-sabana-impermeable\" \/>\n<meta property=\"og:site_name\" content=\"elbazardejoaqui.com\" \/>\n<meta property=\"og:image\" content=\"https:\/\/www.elbazardejoaqui.com\/wp-content\/uploads\/2021\/03\/Diseno-sin-titulo34-2.png\" \/>\n\t<meta property=\"og:image:width\" content=\"600\" \/>\n\t<meta property=\"og:image:height\" content=\"600\" \/>\n\t<meta property=\"og:image:type\" content=\"image\/png\" \/>\n<meta name=\"twitter:card\" content=\"summary_large_image\" \/>\n<script type=\"application\/ld+json\" class=\"yoast-schema-graph\">{\"@context\":\"https:\/\/schema.org\",\"@graph\":[{\"@type\":\"WebPage\",\"@id\":\"https:\/\/www.elbazardejoaqui.com\/?product=protector-sabana-impermeable\",\"url\":\"https:\/\/www.elbazardejoaqui.com\/?product=protector-sabana-impermeable\",\"name\":\"Protector s\u00e1bana impermeable - elbazardejoaqui.com\",\"isPartOf\":{\"@id\":\"https:\/\/www.elbazardejoaqui.com\/#website\"},\"primaryImageOfPage\":{\"@id\":\"https:\/\/www.elbazardejoaqui.com\/?product=protector-sabana-impermeable#primaryimage\"},\"image\":{\"@id\":\"https:\/\/www.elbazardejoaqui.com\/?product=protector-sabana-impermeable#primaryimage\"},\"thumbnailUrl\":\"https:\/\/www.elbazardejoaqui.com\/wp-content\/uploads\/2021\/03\/Diseno-sin-titulo34-2.png\",\"datePublished\":\"2021-03-13T01:51:25+00:00\",\"breadcrumb\":{\"@id\":\"https:\/\/www.elbazardejoaqui.com\/?product=protector-sabana-impermeable#breadcrumb\"},\"inLanguage\":\"es\",\"potentialAction\":[{\"@type\":\"ReadAction\",\"target\":[\"https:\/\/www.elbazardejoaqui.com\/?product=protector-sabana-impermeable\"]}]},{\"@type\":\"ImageObject\",\"inLanguage\":\"es\",\"@id\":\"https:\/\/www.elbazardejoaqui.com\/?product=protector-sabana-impermeable#primaryimage\",\"url\":\"https:\/\/www.elbazardejoaqui.com\/wp-content\/uploads\/2021\/03\/Diseno-sin-titulo34-2.png\",\"contentUrl\":\"https:\/\/www.elbazardejoaqui.com\/wp-content\/uploads\/2021\/03\/Diseno-sin-titulo34-2.png\",\"width\":600,\"height\":600,\"caption\":\"protector tela transpirable impermeable\"},{\"@type\":\"BreadcrumbList\",\"@id\":\"https:\/\/www.elbazardejoaqui.com\/?product=protector-sabana-impermeable#breadcrumb\",\"itemListElement\":[{\"@type\":\"ListItem\",\"position\":1,\"name\":\"Portada\",\"item\":\"https:\/\/www.elbazardejoaqui.com\/\"},{\"@type\":\"ListItem\",\"position\":2,\"name\":\"Tus productos\",\"item\":\"https:\/\/www.elbazardejoaqui.com\/?page_id=376\"},{\"@type\":\"ListItem\",\"position\":3,\"name\":\"Protector s\u00e1bana impermeable\"}]},{\"@type\":\"WebSite\",\"@id\":\"https:\/\/www.elbazardejoaqui.com\/#website\",\"url\":\"https:\/\/www.elbazardejoaqui.com\/\",\"name\":\"elbazardejoaqui.com\",\"description\":\"Droguer\u00eda, mercer\u00eda, papeler\u00eda, ropa de hogar, menaje, mascarillas, juguetes y mucho m\u00e1s\",\"publisher\":{\"@id\":\"https:\/\/www.elbazardejoaqui.com\/#organization\"},\"potentialAction\":[{\"@type\":\"SearchAction\",\"target\":{\"@type\":\"EntryPoint\",\"urlTemplate\":\"https:\/\/www.elbazardejoaqui.com\/?s={search_term_string}\"},\"query-input\":{\"@type\":\"PropertyValueSpecification\",\"valueRequired\":true,\"valueName\":\"search_term_string\"}}],\"inLanguage\":\"es\"},{\"@type\":\"Organization\",\"@id\":\"https:\/\/www.elbazardejoaqui.com\/#organization\",\"name\":\"Bazar Joaqui\",\"url\":\"https:\/\/www.elbazardejoaqui.com\/\",\"logo\":{\"@type\":\"ImageObject\",\"inLanguage\":\"es\",\"@id\":\"https:\/\/www.elbazardejoaqui.com\/#\/schema\/logo\/image\/\",\"url\":\"https:\/\/www.elbazardejoaqui.com\/wp-content\/uploads\/2020\/12\/elbazarlogo.png\",\"contentUrl\":\"https:\/\/www.elbazardejoaqui.com\/wp-content\/uploads\/2020\/12\/elbazarlogo.png\",\"width\":1129,\"height\":264,\"caption\":\"Bazar Joaqui\"},\"image\":{\"@id\":\"https:\/\/www.elbazardejoaqui.com\/#\/schema\/logo\/image\/\"}}]}<\/script>\n<!-- \/ Yoast SEO plugin. -->","yoast_head_json":{"title":"Protector s\u00e1bana impermeable - elbazardejoaqui.com","robots":{"index":"noindex","follow":"follow","max-snippet":"max-snippet:-1","max-image-preview":"max-image-preview:large","max-video-preview":"max-video-preview:-1"},"og_locale":"es_ES","og_type":"article","og_title":"Protector s\u00e1bana impermeable - elbazardejoaqui.com","og_description":"S\u00e1bana protector impermeable transpirable. Anti\u00e1caros e hipoalerg\u00e9nico. No da calor. Pasa el aire pero no el l\u00edquido. V\u00e1lido para el l\u00e1tex. L\u00e1mina microporosa de poliuretano. Algod\u00f3n 100%.","og_url":"https:\/\/www.elbazardejoaqui.com\/?product=protector-sabana-impermeable","og_site_name":"elbazardejoaqui.com","og_image":[{"width":600,"height":600,"url":"https:\/\/www.elbazardejoaqui.com\/wp-content\/uploads\/2021\/03\/Diseno-sin-titulo34-2.png","type":"image\/png"}],"twitter_card":"summary_large_image","schema":{"@context":"https:\/\/schema.org","@graph":[{"@type":"WebPage","@id":"https:\/\/www.elbazardejoaqui.com\/?product=protector-sabana-impermeable","url":"https:\/\/www.elbazardejoaqui.com\/?product=protector-sabana-impermeable","name":"Protector s\u00e1bana impermeable - elbazardejoaqui.com","isPartOf":{"@id":"https:\/\/www.elbazardejoaqui.com\/#website"},"primaryImageOfPage":{"@id":"https:\/\/www.elbazardejoaqui.com\/?product=protector-sabana-impermeable#primaryimage"},"image":{"@id":"https:\/\/www.elbazardejoaqui.com\/?product=protector-sabana-impermeable#primaryimage"},"thumbnailUrl":"https:\/\/www.elbazardejoaqui.com\/wp-content\/uploads\/2021\/03\/Diseno-sin-titulo34-2.png","datePublished":"2021-03-13T01:51:25+00:00","breadcrumb":{"@id":"https:\/\/www.elbazardejoaqui.com\/?product=protector-sabana-impermeable#breadcrumb"},"inLanguage":"es","potentialAction":[{"@type":"ReadAction","target":["https:\/\/www.elbazardejoaqui.com\/?product=protector-sabana-impermeable"]}]},{"@type":"ImageObject","inLanguage":"es","@id":"https:\/\/www.elbazardejoaqui.com\/?product=protector-sabana-impermeable#primaryimage","url":"https:\/\/www.elbazardejoaqui.com\/wp-content\/uploads\/2021\/03\/Diseno-sin-titulo34-2.png","contentUrl":"https:\/\/www.elbazardejoaqui.com\/wp-content\/uploads\/2021\/03\/Diseno-sin-titulo34-2.png","width":600,"height":600,"caption":"protector tela transpirable impermeable"},{"@type":"BreadcrumbList","@id":"https:\/\/www.elbazardejoaqui.com\/?product=protector-sabana-impermeable#breadcrumb","itemListElement":[{"@type":"ListItem","position":1,"name":"Portada","item":"https:\/\/www.elbazardejoaqui.com\/"},{"@type":"ListItem","position":2,"name":"Tus productos","item":"https:\/\/www.elbazardejoaqui.com\/?page_id=376"},{"@type":"ListItem","position":3,"name":"Protector s\u00e1bana impermeable"}]},{"@type":"WebSite","@id":"https:\/\/www.elbazardejoaqui.com\/#website","url":"https:\/\/www.elbazardejoaqui.com\/","name":"elbazardejoaqui.com","description":"Droguer\u00eda, mercer\u00eda, papeler\u00eda, ropa de hogar, menaje, mascarillas, juguetes y mucho m\u00e1s","publisher":{"@id":"https:\/\/www.elbazardejoaqui.com\/#organization"},"potentialAction":[{"@type":"SearchAction","target":{"@type":"EntryPoint","urlTemplate":"https:\/\/www.elbazardejoaqui.com\/?s={search_term_string}"},"query-input":{"@type":"PropertyValueSpecification","valueRequired":true,"valueName":"search_term_string"}}],"inLanguage":"es"},{"@type":"Organization","@id":"https:\/\/www.elbazardejoaqui.com\/#organization","name":"Bazar Joaqui","url":"https:\/\/www.elbazardejoaqui.com\/","logo":{"@type":"ImageObject","inLanguage":"es","@id":"https:\/\/www.elbazardejoaqui.com\/#\/schema\/logo\/image\/","url":"https:\/\/www.elbazardejoaqui.com\/wp-content\/uploads\/2020\/12\/elbazarlogo.png","contentUrl":"https:\/\/www.elbazardejoaqui.com\/wp-content\/uploads\/2020\/12\/elbazarlogo.png","width":1129,"height":264,"caption":"Bazar Joaqui"},"image":{"@id":"https:\/\/www.elbazardejoaqui.com\/#\/schema\/logo\/image\/"}}]}},"_links":{"self":[{"href":"https:\/\/www.elbazardejoaqui.com\/index.php?rest_route=\/wp\/v2\/product\/1902","targetHints":{"allow":["GET"]}}],"collection":[{"href":"https:\/\/www.elbazardejoaqui.com\/index.php?rest_route=\/wp\/v2\/product"}],"about":[{"href":"https:\/\/www.elbazardejoaqui.com\/index.php?rest_route=\/wp\/v2\/types\/product"}],"wp:featuredmedia":[{"embeddable":true,"href":"https:\/\/www.elbazardejoaqui.com\/index.php?rest_route=\/wp\/v2\/media\/1888"}],"wp:attachment":[{"href":"https:\/\/www.elbazardejoaqui.com\/index.php?rest_route=%2Fwp%2Fv2%2Fmedia&parent=1902"}],"wp:term":[{"taxonomy":"product_brand","embeddable":true,"href":"https:\/\/www.elbazardejoaqui.com\/index.php?rest_route=%2Fwp%2Fv2%2Fproduct_brand&post=1902"},{"taxonomy":"product_cat","embeddable":true,"href":"https:\/\/www.elbazardejoaqui.com\/index.php?rest_route=%2Fwp%2Fv2%2Fproduct_cat&post=1902"},{"taxonomy":"product_tag","embeddable":true,"href":"https:\/\/www.elbazardejoaqui.com\/index.php?rest_route=%2Fwp%2Fv2%2Fproduct_tag&post=1902"}],"curies":[{"name":"wp","href":"https:\/\/api.w.org\/{rel}","templated":true}]}}