{"id":2367,"date":"2022-06-21T09:08:50","date_gmt":"2022-06-21T08:08:50","guid":{"rendered":"https:\/\/www.elbazardejoaqui.com\/?post_type=product&#038;p=2367"},"modified":"2022-06-21T23:23:37","modified_gmt":"2022-06-21T22:23:37","slug":"temperas-jovi","status":"publish","type":"product","link":"https:\/\/www.elbazardejoaqui.com\/?product=temperas-jovi","title":{"rendered":"T\u00e9mperas Jovi"},"content":{"rendered":"<p>T\u00e9mperas Jovi, en botecitos de 35 ml, disponibles en cajas de 5 unidades con los colores primarios y con un pincel de regalo. Si lo prefieres, tambi\u00e9n disponemos de m\u00e1s gama de colores y lo puedes comprar individual para elegir solo el color que necesites.<\/p>\n","protected":false},"excerpt":{"rendered":"<p>T\u00e9mperas Jovi en botecitos de 35 ml disponibles en cajas de 5 unidades o individuales en m\u00e1s gama de colores.<\/p>\n","protected":false},"featured_media":2364,"template":"","meta":[],"product_brand":[],"product_cat":[420],"product_tag":[479,478],"class_list":{"0":"post-2367","1":"product","2":"type-product","3":"status-publish","4":"has-post-thumbnail","6":"product_cat-varios-de-papeleria","7":"product_tag-jovi","8":"product_tag-temperas","10":"first","11":"instock","12":"taxable","13":"shipping-taxable","14":"purchasable","15":"product-type-variable"},"yoast_head":"<!-- This site is optimized with the Yoast SEO plugin v26.3 - https:\/\/yoast.com\/wordpress\/plugins\/seo\/ -->\n<title>T\u00e9mperas Jovi - elbazardejoaqui.com<\/title>\n<meta name=\"description\" content=\"T\u00e9mperas Jovi, disponibles en cajas de 5 unidades con un pincel de regalo o si lo prefieres, individuales.\" \/>\n<meta name=\"robots\" content=\"noindex, follow, max-snippet:-1, max-image-preview:large, max-video-preview:-1\" \/>\n<meta property=\"og:locale\" content=\"es_ES\" \/>\n<meta property=\"og:type\" content=\"article\" \/>\n<meta property=\"og:title\" content=\"T\u00e9mperas Jovi - elbazardejoaqui.com\" \/>\n<meta property=\"og:description\" content=\"T\u00e9mperas Jovi, disponibles en cajas de 5 unidades con un pincel de regalo o si lo prefieres, individuales.\" \/>\n<meta property=\"og:url\" content=\"https:\/\/www.elbazardejoaqui.com\/?product=temperas-jovi\" \/>\n<meta property=\"og:site_name\" content=\"elbazardejoaqui.com\" \/>\n<meta property=\"article:modified_time\" content=\"2022-06-21T22:23:37+00:00\" \/>\n<meta property=\"og:image\" content=\"http:\/\/www.elbazardejoaqui.com\/wp-content\/uploads\/2022\/06\/Diseno-sin-titulo-10.png\" \/>\n\t<meta property=\"og:image:width\" content=\"600\" \/>\n\t<meta property=\"og:image:height\" content=\"600\" \/>\n\t<meta property=\"og:image:type\" content=\"image\/png\" \/>\n<meta name=\"twitter:card\" content=\"summary_large_image\" \/>\n<script type=\"application\/ld+json\" class=\"yoast-schema-graph\">{\"@context\":\"https:\/\/schema.org\",\"@graph\":[{\"@type\":\"WebPage\",\"@id\":\"https:\/\/www.elbazardejoaqui.com\/?product=temperas-jovi\",\"url\":\"https:\/\/www.elbazardejoaqui.com\/?product=temperas-jovi\",\"name\":\"T\u00e9mperas Jovi - elbazardejoaqui.com\",\"isPartOf\":{\"@id\":\"https:\/\/www.elbazardejoaqui.com\/#website\"},\"primaryImageOfPage\":{\"@id\":\"https:\/\/www.elbazardejoaqui.com\/?product=temperas-jovi#primaryimage\"},\"image\":{\"@id\":\"https:\/\/www.elbazardejoaqui.com\/?product=temperas-jovi#primaryimage\"},\"thumbnailUrl\":\"https:\/\/www.elbazardejoaqui.com\/wp-content\/uploads\/2022\/06\/Diseno-sin-titulo-10.png\",\"datePublished\":\"2022-06-21T08:08:50+00:00\",\"dateModified\":\"2022-06-21T22:23:37+00:00\",\"description\":\"T\u00e9mperas Jovi, disponibles en cajas de 5 unidades con un pincel de regalo o si lo prefieres, individuales.\",\"breadcrumb\":{\"@id\":\"https:\/\/www.elbazardejoaqui.com\/?product=temperas-jovi#breadcrumb\"},\"inLanguage\":\"es\",\"potentialAction\":[{\"@type\":\"ReadAction\",\"target\":[\"https:\/\/www.elbazardejoaqui.com\/?product=temperas-jovi\"]}]},{\"@type\":\"ImageObject\",\"inLanguage\":\"es\",\"@id\":\"https:\/\/www.elbazardejoaqui.com\/?product=temperas-jovi#primaryimage\",\"url\":\"https:\/\/www.elbazardejoaqui.com\/wp-content\/uploads\/2022\/06\/Diseno-sin-titulo-10.png\",\"contentUrl\":\"https:\/\/www.elbazardejoaqui.com\/wp-content\/uploads\/2022\/06\/Diseno-sin-titulo-10.png\",\"width\":600,\"height\":600},{\"@type\":\"BreadcrumbList\",\"@id\":\"https:\/\/www.elbazardejoaqui.com\/?product=temperas-jovi#breadcrumb\",\"itemListElement\":[{\"@type\":\"ListItem\",\"position\":1,\"name\":\"Portada\",\"item\":\"https:\/\/www.elbazardejoaqui.com\/\"},{\"@type\":\"ListItem\",\"position\":2,\"name\":\"Tus productos\",\"item\":\"https:\/\/www.elbazardejoaqui.com\/?page_id=376\"},{\"@type\":\"ListItem\",\"position\":3,\"name\":\"T\u00e9mperas Jovi\"}]},{\"@type\":\"WebSite\",\"@id\":\"https:\/\/www.elbazardejoaqui.com\/#website\",\"url\":\"https:\/\/www.elbazardejoaqui.com\/\",\"name\":\"elbazardejoaqui.com\",\"description\":\"Droguer\u00eda, mercer\u00eda, papeler\u00eda, ropa de hogar, menaje, mascarillas, juguetes y mucho m\u00e1s\",\"publisher\":{\"@id\":\"https:\/\/www.elbazardejoaqui.com\/#organization\"},\"potentialAction\":[{\"@type\":\"SearchAction\",\"target\":{\"@type\":\"EntryPoint\",\"urlTemplate\":\"https:\/\/www.elbazardejoaqui.com\/?s={search_term_string}\"},\"query-input\":{\"@type\":\"PropertyValueSpecification\",\"valueRequired\":true,\"valueName\":\"search_term_string\"}}],\"inLanguage\":\"es\"},{\"@type\":\"Organization\",\"@id\":\"https:\/\/www.elbazardejoaqui.com\/#organization\",\"name\":\"Bazar Joaqui\",\"url\":\"https:\/\/www.elbazardejoaqui.com\/\",\"logo\":{\"@type\":\"ImageObject\",\"inLanguage\":\"es\",\"@id\":\"https:\/\/www.elbazardejoaqui.com\/#\/schema\/logo\/image\/\",\"url\":\"https:\/\/www.elbazardejoaqui.com\/wp-content\/uploads\/2020\/12\/elbazarlogo.png\",\"contentUrl\":\"https:\/\/www.elbazardejoaqui.com\/wp-content\/uploads\/2020\/12\/elbazarlogo.png\",\"width\":1129,\"height\":264,\"caption\":\"Bazar Joaqui\"},\"image\":{\"@id\":\"https:\/\/www.elbazardejoaqui.com\/#\/schema\/logo\/image\/\"}}]}<\/script>\n<!-- \/ Yoast SEO plugin. -->","yoast_head_json":{"title":"T\u00e9mperas Jovi - elbazardejoaqui.com","description":"T\u00e9mperas Jovi, disponibles en cajas de 5 unidades con un pincel de regalo o si lo prefieres, individuales.","robots":{"index":"noindex","follow":"follow","max-snippet":"max-snippet:-1","max-image-preview":"max-image-preview:large","max-video-preview":"max-video-preview:-1"},"og_locale":"es_ES","og_type":"article","og_title":"T\u00e9mperas Jovi - elbazardejoaqui.com","og_description":"T\u00e9mperas Jovi, disponibles en cajas de 5 unidades con un pincel de regalo o si lo prefieres, individuales.","og_url":"https:\/\/www.elbazardejoaqui.com\/?product=temperas-jovi","og_site_name":"elbazardejoaqui.com","article_modified_time":"2022-06-21T22:23:37+00:00","og_image":[{"width":600,"height":600,"url":"http:\/\/www.elbazardejoaqui.com\/wp-content\/uploads\/2022\/06\/Diseno-sin-titulo-10.png","type":"image\/png"}],"twitter_card":"summary_large_image","schema":{"@context":"https:\/\/schema.org","@graph":[{"@type":"WebPage","@id":"https:\/\/www.elbazardejoaqui.com\/?product=temperas-jovi","url":"https:\/\/www.elbazardejoaqui.com\/?product=temperas-jovi","name":"T\u00e9mperas Jovi - elbazardejoaqui.com","isPartOf":{"@id":"https:\/\/www.elbazardejoaqui.com\/#website"},"primaryImageOfPage":{"@id":"https:\/\/www.elbazardejoaqui.com\/?product=temperas-jovi#primaryimage"},"image":{"@id":"https:\/\/www.elbazardejoaqui.com\/?product=temperas-jovi#primaryimage"},"thumbnailUrl":"https:\/\/www.elbazardejoaqui.com\/wp-content\/uploads\/2022\/06\/Diseno-sin-titulo-10.png","datePublished":"2022-06-21T08:08:50+00:00","dateModified":"2022-06-21T22:23:37+00:00","description":"T\u00e9mperas Jovi, disponibles en cajas de 5 unidades con un pincel de regalo o si lo prefieres, individuales.","breadcrumb":{"@id":"https:\/\/www.elbazardejoaqui.com\/?product=temperas-jovi#breadcrumb"},"inLanguage":"es","potentialAction":[{"@type":"ReadAction","target":["https:\/\/www.elbazardejoaqui.com\/?product=temperas-jovi"]}]},{"@type":"ImageObject","inLanguage":"es","@id":"https:\/\/www.elbazardejoaqui.com\/?product=temperas-jovi#primaryimage","url":"https:\/\/www.elbazardejoaqui.com\/wp-content\/uploads\/2022\/06\/Diseno-sin-titulo-10.png","contentUrl":"https:\/\/www.elbazardejoaqui.com\/wp-content\/uploads\/2022\/06\/Diseno-sin-titulo-10.png","width":600,"height":600},{"@type":"BreadcrumbList","@id":"https:\/\/www.elbazardejoaqui.com\/?product=temperas-jovi#breadcrumb","itemListElement":[{"@type":"ListItem","position":1,"name":"Portada","item":"https:\/\/www.elbazardejoaqui.com\/"},{"@type":"ListItem","position":2,"name":"Tus productos","item":"https:\/\/www.elbazardejoaqui.com\/?page_id=376"},{"@type":"ListItem","position":3,"name":"T\u00e9mperas Jovi"}]},{"@type":"WebSite","@id":"https:\/\/www.elbazardejoaqui.com\/#website","url":"https:\/\/www.elbazardejoaqui.com\/","name":"elbazardejoaqui.com","description":"Droguer\u00eda, mercer\u00eda, papeler\u00eda, ropa de hogar, menaje, mascarillas, juguetes y mucho m\u00e1s","publisher":{"@id":"https:\/\/www.elbazardejoaqui.com\/#organization"},"potentialAction":[{"@type":"SearchAction","target":{"@type":"EntryPoint","urlTemplate":"https:\/\/www.elbazardejoaqui.com\/?s={search_term_string}"},"query-input":{"@type":"PropertyValueSpecification","valueRequired":true,"valueName":"search_term_string"}}],"inLanguage":"es"},{"@type":"Organization","@id":"https:\/\/www.elbazardejoaqui.com\/#organization","name":"Bazar Joaqui","url":"https:\/\/www.elbazardejoaqui.com\/","logo":{"@type":"ImageObject","inLanguage":"es","@id":"https:\/\/www.elbazardejoaqui.com\/#\/schema\/logo\/image\/","url":"https:\/\/www.elbazardejoaqui.com\/wp-content\/uploads\/2020\/12\/elbazarlogo.png","contentUrl":"https:\/\/www.elbazardejoaqui.com\/wp-content\/uploads\/2020\/12\/elbazarlogo.png","width":1129,"height":264,"caption":"Bazar Joaqui"},"image":{"@id":"https:\/\/www.elbazardejoaqui.com\/#\/schema\/logo\/image\/"}}]}},"_links":{"self":[{"href":"https:\/\/www.elbazardejoaqui.com\/index.php?rest_route=\/wp\/v2\/product\/2367","targetHints":{"allow":["GET"]}}],"collection":[{"href":"https:\/\/www.elbazardejoaqui.com\/index.php?rest_route=\/wp\/v2\/product"}],"about":[{"href":"https:\/\/www.elbazardejoaqui.com\/index.php?rest_route=\/wp\/v2\/types\/product"}],"wp:featuredmedia":[{"embeddable":true,"href":"https:\/\/www.elbazardejoaqui.com\/index.php?rest_route=\/wp\/v2\/media\/2364"}],"wp:attachment":[{"href":"https:\/\/www.elbazardejoaqui.com\/index.php?rest_route=%2Fwp%2Fv2%2Fmedia&parent=2367"}],"wp:term":[{"taxonomy":"product_brand","embeddable":true,"href":"https:\/\/www.elbazardejoaqui.com\/index.php?rest_route=%2Fwp%2Fv2%2Fproduct_brand&post=2367"},{"taxonomy":"product_cat","embeddable":true,"href":"https:\/\/www.elbazardejoaqui.com\/index.php?rest_route=%2Fwp%2Fv2%2Fproduct_cat&post=2367"},{"taxonomy":"product_tag","embeddable":true,"href":"https:\/\/www.elbazardejoaqui.com\/index.php?rest_route=%2Fwp%2Fv2%2Fproduct_tag&post=2367"}],"curies":[{"name":"wp","href":"https:\/\/api.w.org\/{rel}","templated":true}]}}