{"id":2383,"date":"2022-06-21T23:34:25","date_gmt":"2022-06-21T22:34:25","guid":{"rendered":"https:\/\/www.elbazardejoaqui.com\/?post_type=product&#038;p=2383"},"modified":"2022-06-21T23:34:25","modified_gmt":"2022-06-21T22:34:25","slug":"toallitas-antitransferencia-de-color","status":"publish","type":"product","link":"https:\/\/www.elbazardejoaqui.com\/?product=toallitas-antitransferencia-de-color","title":{"rendered":"Toallitas antitransferencia de color"},"content":{"rendered":"<p>Toallitas antitransferencia de color que absorben las part\u00edculas de color en tus lavados protegiendo tu ropa de la mezcla, pues impiden que la ropa se coloree durante el proceso de lavado, ya que absorben los colores que las prendas desprenden.<br \/>\nEnvase con 10 toallitas y dos m\u00e1s gratis.<\/p>\n","protected":false},"excerpt":{"rendered":"<p>Toallitas antitransferencia de color que absorben las part\u00edculas de color en tus lavados protegiendo tu ropa de la mezcla, pues impiden que la ropa se coloree durante el proceso de lavado.<\/p>\n","protected":false},"featured_media":2350,"template":"","meta":[],"product_brand":[],"product_cat":[267],"product_tag":[481,480],"class_list":{"0":"post-2383","1":"product","2":"type-product","3":"status-publish","4":"has-post-thumbnail","6":"product_cat-variosde-hogar-drogueria","7":"product_tag-toallitas-antitransferencia","8":"product_tag-toallitas-atrapacolor","10":"first","11":"instock","12":"taxable","13":"shipping-taxable","14":"purchasable","15":"product-type-simple"},"yoast_head":"<!-- This site is optimized with the Yoast SEO plugin v26.3 - https:\/\/yoast.com\/wordpress\/plugins\/seo\/ -->\n<title>Toallitas antitransferencia de color - elbazardejoaqui.com<\/title>\n<meta name=\"description\" content=\"Toallitas antitransferencia de color que absorben las part\u00edculas de color en tus lavados protegiendo tu ropa de la mezcla\" \/>\n<meta name=\"robots\" content=\"noindex, follow, max-snippet:-1, max-image-preview:large, max-video-preview:-1\" \/>\n<meta property=\"og:locale\" content=\"es_ES\" \/>\n<meta property=\"og:type\" content=\"article\" \/>\n<meta property=\"og:title\" content=\"Toallitas antitransferencia de color - elbazardejoaqui.com\" \/>\n<meta property=\"og:description\" content=\"Toallitas antitransferencia de color que absorben las part\u00edculas de color en tus lavados protegiendo tu ropa de la mezcla\" \/>\n<meta property=\"og:url\" content=\"https:\/\/www.elbazardejoaqui.com\/?product=toallitas-antitransferencia-de-color\" \/>\n<meta property=\"og:site_name\" content=\"elbazardejoaqui.com\" \/>\n<meta property=\"og:image\" content=\"http:\/\/www.elbazardejoaqui.com\/wp-content\/uploads\/2022\/06\/base.jpg\" \/>\n\t<meta property=\"og:image:width\" content=\"500\" \/>\n\t<meta property=\"og:image:height\" content=\"500\" \/>\n\t<meta property=\"og:image:type\" content=\"image\/jpeg\" \/>\n<meta name=\"twitter:card\" content=\"summary_large_image\" \/>\n<script type=\"application\/ld+json\" class=\"yoast-schema-graph\">{\"@context\":\"https:\/\/schema.org\",\"@graph\":[{\"@type\":\"WebPage\",\"@id\":\"https:\/\/www.elbazardejoaqui.com\/?product=toallitas-antitransferencia-de-color\",\"url\":\"https:\/\/www.elbazardejoaqui.com\/?product=toallitas-antitransferencia-de-color\",\"name\":\"Toallitas antitransferencia de color - elbazardejoaqui.com\",\"isPartOf\":{\"@id\":\"https:\/\/www.elbazardejoaqui.com\/#website\"},\"primaryImageOfPage\":{\"@id\":\"https:\/\/www.elbazardejoaqui.com\/?product=toallitas-antitransferencia-de-color#primaryimage\"},\"image\":{\"@id\":\"https:\/\/www.elbazardejoaqui.com\/?product=toallitas-antitransferencia-de-color#primaryimage\"},\"thumbnailUrl\":\"https:\/\/www.elbazardejoaqui.com\/wp-content\/uploads\/2022\/06\/base.jpg\",\"datePublished\":\"2022-06-21T22:34:25+00:00\",\"description\":\"Toallitas antitransferencia de color que absorben las part\u00edculas de color en tus lavados protegiendo tu ropa de la mezcla\",\"breadcrumb\":{\"@id\":\"https:\/\/www.elbazardejoaqui.com\/?product=toallitas-antitransferencia-de-color#breadcrumb\"},\"inLanguage\":\"es\",\"potentialAction\":[{\"@type\":\"ReadAction\",\"target\":[\"https:\/\/www.elbazardejoaqui.com\/?product=toallitas-antitransferencia-de-color\"]}]},{\"@type\":\"ImageObject\",\"inLanguage\":\"es\",\"@id\":\"https:\/\/www.elbazardejoaqui.com\/?product=toallitas-antitransferencia-de-color#primaryimage\",\"url\":\"https:\/\/www.elbazardejoaqui.com\/wp-content\/uploads\/2022\/06\/base.jpg\",\"contentUrl\":\"https:\/\/www.elbazardejoaqui.com\/wp-content\/uploads\/2022\/06\/base.jpg\",\"width\":500,\"height\":500,\"caption\":\"Toallitas atrapacolor Romar\"},{\"@type\":\"BreadcrumbList\",\"@id\":\"https:\/\/www.elbazardejoaqui.com\/?product=toallitas-antitransferencia-de-color#breadcrumb\",\"itemListElement\":[{\"@type\":\"ListItem\",\"position\":1,\"name\":\"Portada\",\"item\":\"https:\/\/www.elbazardejoaqui.com\/\"},{\"@type\":\"ListItem\",\"position\":2,\"name\":\"Tus productos\",\"item\":\"https:\/\/www.elbazardejoaqui.com\/?page_id=376\"},{\"@type\":\"ListItem\",\"position\":3,\"name\":\"Toallitas antitransferencia de color\"}]},{\"@type\":\"WebSite\",\"@id\":\"https:\/\/www.elbazardejoaqui.com\/#website\",\"url\":\"https:\/\/www.elbazardejoaqui.com\/\",\"name\":\"elbazardejoaqui.com\",\"description\":\"Droguer\u00eda, mercer\u00eda, papeler\u00eda, ropa de hogar, menaje, mascarillas, juguetes y mucho m\u00e1s\",\"publisher\":{\"@id\":\"https:\/\/www.elbazardejoaqui.com\/#organization\"},\"potentialAction\":[{\"@type\":\"SearchAction\",\"target\":{\"@type\":\"EntryPoint\",\"urlTemplate\":\"https:\/\/www.elbazardejoaqui.com\/?s={search_term_string}\"},\"query-input\":{\"@type\":\"PropertyValueSpecification\",\"valueRequired\":true,\"valueName\":\"search_term_string\"}}],\"inLanguage\":\"es\"},{\"@type\":\"Organization\",\"@id\":\"https:\/\/www.elbazardejoaqui.com\/#organization\",\"name\":\"Bazar Joaqui\",\"url\":\"https:\/\/www.elbazardejoaqui.com\/\",\"logo\":{\"@type\":\"ImageObject\",\"inLanguage\":\"es\",\"@id\":\"https:\/\/www.elbazardejoaqui.com\/#\/schema\/logo\/image\/\",\"url\":\"https:\/\/www.elbazardejoaqui.com\/wp-content\/uploads\/2020\/12\/elbazarlogo.png\",\"contentUrl\":\"https:\/\/www.elbazardejoaqui.com\/wp-content\/uploads\/2020\/12\/elbazarlogo.png\",\"width\":1129,\"height\":264,\"caption\":\"Bazar Joaqui\"},\"image\":{\"@id\":\"https:\/\/www.elbazardejoaqui.com\/#\/schema\/logo\/image\/\"}}]}<\/script>\n<!-- \/ Yoast SEO plugin. -->","yoast_head_json":{"title":"Toallitas antitransferencia de color - elbazardejoaqui.com","description":"Toallitas antitransferencia de color que absorben las part\u00edculas de color en tus lavados protegiendo tu ropa de la mezcla","robots":{"index":"noindex","follow":"follow","max-snippet":"max-snippet:-1","max-image-preview":"max-image-preview:large","max-video-preview":"max-video-preview:-1"},"og_locale":"es_ES","og_type":"article","og_title":"Toallitas antitransferencia de color - elbazardejoaqui.com","og_description":"Toallitas antitransferencia de color que absorben las part\u00edculas de color en tus lavados protegiendo tu ropa de la mezcla","og_url":"https:\/\/www.elbazardejoaqui.com\/?product=toallitas-antitransferencia-de-color","og_site_name":"elbazardejoaqui.com","og_image":[{"width":500,"height":500,"url":"http:\/\/www.elbazardejoaqui.com\/wp-content\/uploads\/2022\/06\/base.jpg","type":"image\/jpeg"}],"twitter_card":"summary_large_image","schema":{"@context":"https:\/\/schema.org","@graph":[{"@type":"WebPage","@id":"https:\/\/www.elbazardejoaqui.com\/?product=toallitas-antitransferencia-de-color","url":"https:\/\/www.elbazardejoaqui.com\/?product=toallitas-antitransferencia-de-color","name":"Toallitas antitransferencia de color - elbazardejoaqui.com","isPartOf":{"@id":"https:\/\/www.elbazardejoaqui.com\/#website"},"primaryImageOfPage":{"@id":"https:\/\/www.elbazardejoaqui.com\/?product=toallitas-antitransferencia-de-color#primaryimage"},"image":{"@id":"https:\/\/www.elbazardejoaqui.com\/?product=toallitas-antitransferencia-de-color#primaryimage"},"thumbnailUrl":"https:\/\/www.elbazardejoaqui.com\/wp-content\/uploads\/2022\/06\/base.jpg","datePublished":"2022-06-21T22:34:25+00:00","description":"Toallitas antitransferencia de color que absorben las part\u00edculas de color en tus lavados protegiendo tu ropa de la mezcla","breadcrumb":{"@id":"https:\/\/www.elbazardejoaqui.com\/?product=toallitas-antitransferencia-de-color#breadcrumb"},"inLanguage":"es","potentialAction":[{"@type":"ReadAction","target":["https:\/\/www.elbazardejoaqui.com\/?product=toallitas-antitransferencia-de-color"]}]},{"@type":"ImageObject","inLanguage":"es","@id":"https:\/\/www.elbazardejoaqui.com\/?product=toallitas-antitransferencia-de-color#primaryimage","url":"https:\/\/www.elbazardejoaqui.com\/wp-content\/uploads\/2022\/06\/base.jpg","contentUrl":"https:\/\/www.elbazardejoaqui.com\/wp-content\/uploads\/2022\/06\/base.jpg","width":500,"height":500,"caption":"Toallitas atrapacolor Romar"},{"@type":"BreadcrumbList","@id":"https:\/\/www.elbazardejoaqui.com\/?product=toallitas-antitransferencia-de-color#breadcrumb","itemListElement":[{"@type":"ListItem","position":1,"name":"Portada","item":"https:\/\/www.elbazardejoaqui.com\/"},{"@type":"ListItem","position":2,"name":"Tus productos","item":"https:\/\/www.elbazardejoaqui.com\/?page_id=376"},{"@type":"ListItem","position":3,"name":"Toallitas antitransferencia de color"}]},{"@type":"WebSite","@id":"https:\/\/www.elbazardejoaqui.com\/#website","url":"https:\/\/www.elbazardejoaqui.com\/","name":"elbazardejoaqui.com","description":"Droguer\u00eda, mercer\u00eda, papeler\u00eda, ropa de hogar, menaje, mascarillas, juguetes y mucho m\u00e1s","publisher":{"@id":"https:\/\/www.elbazardejoaqui.com\/#organization"},"potentialAction":[{"@type":"SearchAction","target":{"@type":"EntryPoint","urlTemplate":"https:\/\/www.elbazardejoaqui.com\/?s={search_term_string}"},"query-input":{"@type":"PropertyValueSpecification","valueRequired":true,"valueName":"search_term_string"}}],"inLanguage":"es"},{"@type":"Organization","@id":"https:\/\/www.elbazardejoaqui.com\/#organization","name":"Bazar Joaqui","url":"https:\/\/www.elbazardejoaqui.com\/","logo":{"@type":"ImageObject","inLanguage":"es","@id":"https:\/\/www.elbazardejoaqui.com\/#\/schema\/logo\/image\/","url":"https:\/\/www.elbazardejoaqui.com\/wp-content\/uploads\/2020\/12\/elbazarlogo.png","contentUrl":"https:\/\/www.elbazardejoaqui.com\/wp-content\/uploads\/2020\/12\/elbazarlogo.png","width":1129,"height":264,"caption":"Bazar Joaqui"},"image":{"@id":"https:\/\/www.elbazardejoaqui.com\/#\/schema\/logo\/image\/"}}]}},"_links":{"self":[{"href":"https:\/\/www.elbazardejoaqui.com\/index.php?rest_route=\/wp\/v2\/product\/2383","targetHints":{"allow":["GET"]}}],"collection":[{"href":"https:\/\/www.elbazardejoaqui.com\/index.php?rest_route=\/wp\/v2\/product"}],"about":[{"href":"https:\/\/www.elbazardejoaqui.com\/index.php?rest_route=\/wp\/v2\/types\/product"}],"wp:featuredmedia":[{"embeddable":true,"href":"https:\/\/www.elbazardejoaqui.com\/index.php?rest_route=\/wp\/v2\/media\/2350"}],"wp:attachment":[{"href":"https:\/\/www.elbazardejoaqui.com\/index.php?rest_route=%2Fwp%2Fv2%2Fmedia&parent=2383"}],"wp:term":[{"taxonomy":"product_brand","embeddable":true,"href":"https:\/\/www.elbazardejoaqui.com\/index.php?rest_route=%2Fwp%2Fv2%2Fproduct_brand&post=2383"},{"taxonomy":"product_cat","embeddable":true,"href":"https:\/\/www.elbazardejoaqui.com\/index.php?rest_route=%2Fwp%2Fv2%2Fproduct_cat&post=2383"},{"taxonomy":"product_tag","embeddable":true,"href":"https:\/\/www.elbazardejoaqui.com\/index.php?rest_route=%2Fwp%2Fv2%2Fproduct_tag&post=2383"}],"curies":[{"name":"wp","href":"https:\/\/api.w.org\/{rel}","templated":true}]}}