{"id":372,"date":"2020-11-23T09:19:22","date_gmt":"2020-11-23T09:19:22","guid":{"rendered":"http:\/\/www.jmhogar.com\/?post_type=product&#038;p=372"},"modified":"2020-11-24T10:58:35","modified_gmt":"2020-11-24T10:58:35","slug":"producto-de-prueba","status":"publish","type":"product","link":"https:\/\/www.elbazardejoaqui.com\/?product=producto-de-prueba","title":{"rendered":"Sonajero aro con osito"},"content":{"rendered":"","protected":false},"excerpt":{"rendered":"<p>sin descripci\u00f3n<\/p>\n","protected":false},"featured_media":366,"template":"","meta":[],"product_brand":[],"product_cat":[42],"product_tag":[82,81,25,22],"class_list":{"0":"post-372","1":"product","2":"type-product","3":"status-publish","4":"has-post-thumbnail","6":"product_cat-bebe","7":"product_tag-aro-sonajero","8":"product_tag-osito","9":"product_tag-peluche","10":"product_tag-sonajero","12":"first","13":"instock","14":"purchasable","15":"product-type-simple"},"yoast_head":"<!-- This site is optimized with the Yoast SEO plugin v26.3 - https:\/\/yoast.com\/wordpress\/plugins\/seo\/ -->\n<title>Sonajero aro con osito - elbazardejoaqui.com<\/title>\n<meta name=\"robots\" content=\"noindex, follow, max-snippet:-1, max-image-preview:large, max-video-preview:-1\" \/>\n<meta property=\"og:locale\" content=\"es_ES\" \/>\n<meta property=\"og:type\" content=\"article\" \/>\n<meta property=\"og:title\" content=\"Sonajero aro con osito - elbazardejoaqui.com\" \/>\n<meta property=\"og:description\" content=\"sin descripci\u00f3n\" \/>\n<meta property=\"og:url\" content=\"https:\/\/www.elbazardejoaqui.com\/?product=producto-de-prueba\" \/>\n<meta property=\"og:site_name\" content=\"elbazardejoaqui.com\" \/>\n<meta property=\"article:modified_time\" content=\"2020-11-24T10:58:35+00:00\" \/>\n<meta property=\"og:image\" content=\"https:\/\/www.elbazardejoaqui.com\/wp-content\/uploads\/2020\/11\/IMG-20201122-WA0013.jpg\" \/>\n\t<meta property=\"og:image:width\" content=\"1385\" \/>\n\t<meta property=\"og:image:height\" content=\"1600\" \/>\n\t<meta property=\"og:image:type\" content=\"image\/jpeg\" \/>\n<meta name=\"twitter:card\" content=\"summary_large_image\" \/>\n<script type=\"application\/ld+json\" class=\"yoast-schema-graph\">{\"@context\":\"https:\/\/schema.org\",\"@graph\":[{\"@type\":\"WebPage\",\"@id\":\"https:\/\/www.elbazardejoaqui.com\/?product=producto-de-prueba\",\"url\":\"https:\/\/www.elbazardejoaqui.com\/?product=producto-de-prueba\",\"name\":\"Sonajero aro con osito - elbazardejoaqui.com\",\"isPartOf\":{\"@id\":\"https:\/\/www.elbazardejoaqui.com\/#website\"},\"primaryImageOfPage\":{\"@id\":\"https:\/\/www.elbazardejoaqui.com\/?product=producto-de-prueba#primaryimage\"},\"image\":{\"@id\":\"https:\/\/www.elbazardejoaqui.com\/?product=producto-de-prueba#primaryimage\"},\"thumbnailUrl\":\"https:\/\/www.elbazardejoaqui.com\/wp-content\/uploads\/2020\/11\/IMG-20201122-WA0013.jpg\",\"datePublished\":\"2020-11-23T09:19:22+00:00\",\"dateModified\":\"2020-11-24T10:58:35+00:00\",\"breadcrumb\":{\"@id\":\"https:\/\/www.elbazardejoaqui.com\/?product=producto-de-prueba#breadcrumb\"},\"inLanguage\":\"es\",\"potentialAction\":[{\"@type\":\"ReadAction\",\"target\":[\"https:\/\/www.elbazardejoaqui.com\/?product=producto-de-prueba\"]}]},{\"@type\":\"ImageObject\",\"inLanguage\":\"es\",\"@id\":\"https:\/\/www.elbazardejoaqui.com\/?product=producto-de-prueba#primaryimage\",\"url\":\"https:\/\/www.elbazardejoaqui.com\/wp-content\/uploads\/2020\/11\/IMG-20201122-WA0013.jpg\",\"contentUrl\":\"https:\/\/www.elbazardejoaqui.com\/wp-content\/uploads\/2020\/11\/IMG-20201122-WA0013.jpg\",\"width\":1385,\"height\":1600,\"caption\":\"aro sonajero con osito de peluche\"},{\"@type\":\"BreadcrumbList\",\"@id\":\"https:\/\/www.elbazardejoaqui.com\/?product=producto-de-prueba#breadcrumb\",\"itemListElement\":[{\"@type\":\"ListItem\",\"position\":1,\"name\":\"Portada\",\"item\":\"https:\/\/www.elbazardejoaqui.com\/\"},{\"@type\":\"ListItem\",\"position\":2,\"name\":\"Tus productos\",\"item\":\"https:\/\/www.elbazardejoaqui.com\/?page_id=376\"},{\"@type\":\"ListItem\",\"position\":3,\"name\":\"Sonajero aro con osito\"}]},{\"@type\":\"WebSite\",\"@id\":\"https:\/\/www.elbazardejoaqui.com\/#website\",\"url\":\"https:\/\/www.elbazardejoaqui.com\/\",\"name\":\"elbazardejoaqui.com\",\"description\":\"Droguer\u00eda, mercer\u00eda, papeler\u00eda, ropa de hogar, menaje, mascarillas, juguetes y mucho m\u00e1s\",\"publisher\":{\"@id\":\"https:\/\/www.elbazardejoaqui.com\/#organization\"},\"potentialAction\":[{\"@type\":\"SearchAction\",\"target\":{\"@type\":\"EntryPoint\",\"urlTemplate\":\"https:\/\/www.elbazardejoaqui.com\/?s={search_term_string}\"},\"query-input\":{\"@type\":\"PropertyValueSpecification\",\"valueRequired\":true,\"valueName\":\"search_term_string\"}}],\"inLanguage\":\"es\"},{\"@type\":\"Organization\",\"@id\":\"https:\/\/www.elbazardejoaqui.com\/#organization\",\"name\":\"Bazar Joaqui\",\"url\":\"https:\/\/www.elbazardejoaqui.com\/\",\"logo\":{\"@type\":\"ImageObject\",\"inLanguage\":\"es\",\"@id\":\"https:\/\/www.elbazardejoaqui.com\/#\/schema\/logo\/image\/\",\"url\":\"https:\/\/www.elbazardejoaqui.com\/wp-content\/uploads\/2020\/12\/elbazarlogo.png\",\"contentUrl\":\"https:\/\/www.elbazardejoaqui.com\/wp-content\/uploads\/2020\/12\/elbazarlogo.png\",\"width\":1129,\"height\":264,\"caption\":\"Bazar Joaqui\"},\"image\":{\"@id\":\"https:\/\/www.elbazardejoaqui.com\/#\/schema\/logo\/image\/\"}}]}<\/script>\n<!-- \/ Yoast SEO plugin. -->","yoast_head_json":{"title":"Sonajero aro con osito - elbazardejoaqui.com","robots":{"index":"noindex","follow":"follow","max-snippet":"max-snippet:-1","max-image-preview":"max-image-preview:large","max-video-preview":"max-video-preview:-1"},"og_locale":"es_ES","og_type":"article","og_title":"Sonajero aro con osito - elbazardejoaqui.com","og_description":"sin descripci\u00f3n","og_url":"https:\/\/www.elbazardejoaqui.com\/?product=producto-de-prueba","og_site_name":"elbazardejoaqui.com","article_modified_time":"2020-11-24T10:58:35+00:00","og_image":[{"width":1385,"height":1600,"url":"https:\/\/www.elbazardejoaqui.com\/wp-content\/uploads\/2020\/11\/IMG-20201122-WA0013.jpg","type":"image\/jpeg"}],"twitter_card":"summary_large_image","schema":{"@context":"https:\/\/schema.org","@graph":[{"@type":"WebPage","@id":"https:\/\/www.elbazardejoaqui.com\/?product=producto-de-prueba","url":"https:\/\/www.elbazardejoaqui.com\/?product=producto-de-prueba","name":"Sonajero aro con osito - elbazardejoaqui.com","isPartOf":{"@id":"https:\/\/www.elbazardejoaqui.com\/#website"},"primaryImageOfPage":{"@id":"https:\/\/www.elbazardejoaqui.com\/?product=producto-de-prueba#primaryimage"},"image":{"@id":"https:\/\/www.elbazardejoaqui.com\/?product=producto-de-prueba#primaryimage"},"thumbnailUrl":"https:\/\/www.elbazardejoaqui.com\/wp-content\/uploads\/2020\/11\/IMG-20201122-WA0013.jpg","datePublished":"2020-11-23T09:19:22+00:00","dateModified":"2020-11-24T10:58:35+00:00","breadcrumb":{"@id":"https:\/\/www.elbazardejoaqui.com\/?product=producto-de-prueba#breadcrumb"},"inLanguage":"es","potentialAction":[{"@type":"ReadAction","target":["https:\/\/www.elbazardejoaqui.com\/?product=producto-de-prueba"]}]},{"@type":"ImageObject","inLanguage":"es","@id":"https:\/\/www.elbazardejoaqui.com\/?product=producto-de-prueba#primaryimage","url":"https:\/\/www.elbazardejoaqui.com\/wp-content\/uploads\/2020\/11\/IMG-20201122-WA0013.jpg","contentUrl":"https:\/\/www.elbazardejoaqui.com\/wp-content\/uploads\/2020\/11\/IMG-20201122-WA0013.jpg","width":1385,"height":1600,"caption":"aro sonajero con osito de peluche"},{"@type":"BreadcrumbList","@id":"https:\/\/www.elbazardejoaqui.com\/?product=producto-de-prueba#breadcrumb","itemListElement":[{"@type":"ListItem","position":1,"name":"Portada","item":"https:\/\/www.elbazardejoaqui.com\/"},{"@type":"ListItem","position":2,"name":"Tus productos","item":"https:\/\/www.elbazardejoaqui.com\/?page_id=376"},{"@type":"ListItem","position":3,"name":"Sonajero aro con osito"}]},{"@type":"WebSite","@id":"https:\/\/www.elbazardejoaqui.com\/#website","url":"https:\/\/www.elbazardejoaqui.com\/","name":"elbazardejoaqui.com","description":"Droguer\u00eda, mercer\u00eda, papeler\u00eda, ropa de hogar, menaje, mascarillas, juguetes y mucho m\u00e1s","publisher":{"@id":"https:\/\/www.elbazardejoaqui.com\/#organization"},"potentialAction":[{"@type":"SearchAction","target":{"@type":"EntryPoint","urlTemplate":"https:\/\/www.elbazardejoaqui.com\/?s={search_term_string}"},"query-input":{"@type":"PropertyValueSpecification","valueRequired":true,"valueName":"search_term_string"}}],"inLanguage":"es"},{"@type":"Organization","@id":"https:\/\/www.elbazardejoaqui.com\/#organization","name":"Bazar Joaqui","url":"https:\/\/www.elbazardejoaqui.com\/","logo":{"@type":"ImageObject","inLanguage":"es","@id":"https:\/\/www.elbazardejoaqui.com\/#\/schema\/logo\/image\/","url":"https:\/\/www.elbazardejoaqui.com\/wp-content\/uploads\/2020\/12\/elbazarlogo.png","contentUrl":"https:\/\/www.elbazardejoaqui.com\/wp-content\/uploads\/2020\/12\/elbazarlogo.png","width":1129,"height":264,"caption":"Bazar Joaqui"},"image":{"@id":"https:\/\/www.elbazardejoaqui.com\/#\/schema\/logo\/image\/"}}]}},"_links":{"self":[{"href":"https:\/\/www.elbazardejoaqui.com\/index.php?rest_route=\/wp\/v2\/product\/372","targetHints":{"allow":["GET"]}}],"collection":[{"href":"https:\/\/www.elbazardejoaqui.com\/index.php?rest_route=\/wp\/v2\/product"}],"about":[{"href":"https:\/\/www.elbazardejoaqui.com\/index.php?rest_route=\/wp\/v2\/types\/product"}],"wp:featuredmedia":[{"embeddable":true,"href":"https:\/\/www.elbazardejoaqui.com\/index.php?rest_route=\/wp\/v2\/media\/366"}],"wp:attachment":[{"href":"https:\/\/www.elbazardejoaqui.com\/index.php?rest_route=%2Fwp%2Fv2%2Fmedia&parent=372"}],"wp:term":[{"taxonomy":"product_brand","embeddable":true,"href":"https:\/\/www.elbazardejoaqui.com\/index.php?rest_route=%2Fwp%2Fv2%2Fproduct_brand&post=372"},{"taxonomy":"product_cat","embeddable":true,"href":"https:\/\/www.elbazardejoaqui.com\/index.php?rest_route=%2Fwp%2Fv2%2Fproduct_cat&post=372"},{"taxonomy":"product_tag","embeddable":true,"href":"https:\/\/www.elbazardejoaqui.com\/index.php?rest_route=%2Fwp%2Fv2%2Fproduct_tag&post=372"}],"curies":[{"name":"wp","href":"https:\/\/api.w.org\/{rel}","templated":true}]}}