{"id":384,"date":"2020-11-23T10:30:44","date_gmt":"2020-11-23T10:30:44","guid":{"rendered":"http:\/\/www.jmhogar.com\/?post_type=product&#038;p=384"},"modified":"2024-12-26T10:59:57","modified_gmt":"2024-12-26T09:59:57","slug":"copia-de-producto","status":"publish","type":"product","link":"https:\/\/www.elbazardejoaqui.com\/?product=copia-de-producto","title":{"rendered":"Sonajero"},"content":{"rendered":"<blockquote>\n<h2>Aro sonajero con peluche<img fetchpriority=\"high\" decoding=\"async\" class=\"alignnone size-medium wp-image-366 alignleft\" src=\"http:\/\/www.jmhogar.com\/wp-content\/uploads\/2020\/11\/IMG-20201122-WA0013-260x300.jpg\" alt=\"aro sonajero con osito de peluche\" width=\"260\" height=\"300\" srcset=\"https:\/\/www.elbazardejoaqui.com\/wp-content\/uploads\/2020\/11\/IMG-20201122-WA0013-260x300.jpg 260w, https:\/\/www.elbazardejoaqui.com\/wp-content\/uploads\/2020\/11\/IMG-20201122-WA0013-300x347.jpg 300w, https:\/\/www.elbazardejoaqui.com\/wp-content\/uploads\/2020\/11\/IMG-20201122-WA0013-600x693.jpg 600w, https:\/\/www.elbazardejoaqui.com\/wp-content\/uploads\/2020\/11\/IMG-20201122-WA0013-886x1024.jpg 886w, https:\/\/www.elbazardejoaqui.com\/wp-content\/uploads\/2020\/11\/IMG-20201122-WA0013-768x887.jpg 768w, https:\/\/www.elbazardejoaqui.com\/wp-content\/uploads\/2020\/11\/IMG-20201122-WA0013-1330x1536.jpg 1330w, https:\/\/www.elbazardejoaqui.com\/wp-content\/uploads\/2020\/11\/IMG-20201122-WA0013.jpg 1385w\" sizes=\"(max-width: 260px) 100vw, 260px\" \/><\/h2>\n<\/blockquote>\n","protected":false},"excerpt":{"rendered":"<p>Precioso sonajero que le encantar\u00e1 a tu bebe y tendr\u00e1s la tranquilidad de que pueda morderlo sin peligro.<\/p>\n","protected":false},"featured_media":366,"template":"","meta":[],"product_brand":[],"product_cat":[42],"product_tag":[23,24,25,22],"class_list":{"0":"post-384","1":"product","2":"type-product","3":"status-publish","4":"has-post-thumbnail","6":"product_cat-bebe","7":"product_tag-aro-peluche","8":"product_tag-bebe","9":"product_tag-peluche","10":"product_tag-sonajero","12":"first","13":"instock","14":"taxable","15":"shipping-taxable","16":"purchasable","17":"product-type-simple"},"yoast_head":"<!-- This site is optimized with the Yoast SEO plugin v26.3 - https:\/\/yoast.com\/wordpress\/plugins\/seo\/ -->\n<title>Sonajero - elbazardejoaqui.com<\/title>\n<meta name=\"description\" content=\"Sonajero peluche con aro mordedor\" \/>\n<meta name=\"robots\" content=\"noindex, follow, max-snippet:-1, max-image-preview:large, max-video-preview:-1\" \/>\n<meta property=\"og:locale\" content=\"es_ES\" \/>\n<meta property=\"og:type\" content=\"article\" \/>\n<meta property=\"og:title\" content=\"Sonajero - elbazardejoaqui.com\" \/>\n<meta property=\"og:description\" content=\"Sonajero peluche con aro mordedor\" \/>\n<meta property=\"og:url\" content=\"https:\/\/www.elbazardejoaqui.com\/?product=copia-de-producto\" \/>\n<meta property=\"og:site_name\" content=\"elbazardejoaqui.com\" \/>\n<meta property=\"article:modified_time\" content=\"2024-12-26T09:59:57+00:00\" \/>\n<meta property=\"og:image\" content=\"http:\/\/www.elbazardejoaqui.com\/wp-content\/uploads\/2020\/11\/IMG-20201122-WA0013.jpg\" \/>\n\t<meta property=\"og:image:width\" content=\"1385\" \/>\n\t<meta property=\"og:image:height\" content=\"1600\" \/>\n\t<meta property=\"og:image:type\" content=\"image\/jpeg\" \/>\n<meta name=\"twitter:card\" content=\"summary_large_image\" \/>\n<meta name=\"twitter:label1\" content=\"Tiempo de lectura\" \/>\n\t<meta name=\"twitter:data1\" content=\"1 minuto\" \/>\n<script type=\"application\/ld+json\" class=\"yoast-schema-graph\">{\"@context\":\"https:\/\/schema.org\",\"@graph\":[{\"@type\":\"WebPage\",\"@id\":\"https:\/\/www.elbazardejoaqui.com\/?product=copia-de-producto\",\"url\":\"https:\/\/www.elbazardejoaqui.com\/?product=copia-de-producto\",\"name\":\"Sonajero - elbazardejoaqui.com\",\"isPartOf\":{\"@id\":\"https:\/\/www.elbazardejoaqui.com\/#website\"},\"primaryImageOfPage\":{\"@id\":\"https:\/\/www.elbazardejoaqui.com\/?product=copia-de-producto#primaryimage\"},\"image\":{\"@id\":\"https:\/\/www.elbazardejoaqui.com\/?product=copia-de-producto#primaryimage\"},\"thumbnailUrl\":\"https:\/\/www.elbazardejoaqui.com\/wp-content\/uploads\/2020\/11\/IMG-20201122-WA0013.jpg\",\"datePublished\":\"2020-11-23T10:30:44+00:00\",\"dateModified\":\"2024-12-26T09:59:57+00:00\",\"description\":\"Sonajero peluche con aro mordedor\",\"breadcrumb\":{\"@id\":\"https:\/\/www.elbazardejoaqui.com\/?product=copia-de-producto#breadcrumb\"},\"inLanguage\":\"es\",\"potentialAction\":[{\"@type\":\"ReadAction\",\"target\":[\"https:\/\/www.elbazardejoaqui.com\/?product=copia-de-producto\"]}]},{\"@type\":\"ImageObject\",\"inLanguage\":\"es\",\"@id\":\"https:\/\/www.elbazardejoaqui.com\/?product=copia-de-producto#primaryimage\",\"url\":\"https:\/\/www.elbazardejoaqui.com\/wp-content\/uploads\/2020\/11\/IMG-20201122-WA0013.jpg\",\"contentUrl\":\"https:\/\/www.elbazardejoaqui.com\/wp-content\/uploads\/2020\/11\/IMG-20201122-WA0013.jpg\",\"width\":1385,\"height\":1600,\"caption\":\"aro sonajero con osito de peluche\"},{\"@type\":\"BreadcrumbList\",\"@id\":\"https:\/\/www.elbazardejoaqui.com\/?product=copia-de-producto#breadcrumb\",\"itemListElement\":[{\"@type\":\"ListItem\",\"position\":1,\"name\":\"Portada\",\"item\":\"https:\/\/www.elbazardejoaqui.com\/\"},{\"@type\":\"ListItem\",\"position\":2,\"name\":\"Tus productos\",\"item\":\"https:\/\/www.elbazardejoaqui.com\/?page_id=376\"},{\"@type\":\"ListItem\",\"position\":3,\"name\":\"Sonajero\"}]},{\"@type\":\"WebSite\",\"@id\":\"https:\/\/www.elbazardejoaqui.com\/#website\",\"url\":\"https:\/\/www.elbazardejoaqui.com\/\",\"name\":\"elbazardejoaqui.com\",\"description\":\"Droguer\u00eda, mercer\u00eda, papeler\u00eda, ropa de hogar, menaje, mascarillas, juguetes y mucho m\u00e1s\",\"publisher\":{\"@id\":\"https:\/\/www.elbazardejoaqui.com\/#organization\"},\"potentialAction\":[{\"@type\":\"SearchAction\",\"target\":{\"@type\":\"EntryPoint\",\"urlTemplate\":\"https:\/\/www.elbazardejoaqui.com\/?s={search_term_string}\"},\"query-input\":{\"@type\":\"PropertyValueSpecification\",\"valueRequired\":true,\"valueName\":\"search_term_string\"}}],\"inLanguage\":\"es\"},{\"@type\":\"Organization\",\"@id\":\"https:\/\/www.elbazardejoaqui.com\/#organization\",\"name\":\"Bazar Joaqui\",\"url\":\"https:\/\/www.elbazardejoaqui.com\/\",\"logo\":{\"@type\":\"ImageObject\",\"inLanguage\":\"es\",\"@id\":\"https:\/\/www.elbazardejoaqui.com\/#\/schema\/logo\/image\/\",\"url\":\"https:\/\/www.elbazardejoaqui.com\/wp-content\/uploads\/2020\/12\/elbazarlogo.png\",\"contentUrl\":\"https:\/\/www.elbazardejoaqui.com\/wp-content\/uploads\/2020\/12\/elbazarlogo.png\",\"width\":1129,\"height\":264,\"caption\":\"Bazar Joaqui\"},\"image\":{\"@id\":\"https:\/\/www.elbazardejoaqui.com\/#\/schema\/logo\/image\/\"}}]}<\/script>\n<!-- \/ Yoast SEO plugin. -->","yoast_head_json":{"title":"Sonajero - elbazardejoaqui.com","description":"Sonajero peluche con aro mordedor","robots":{"index":"noindex","follow":"follow","max-snippet":"max-snippet:-1","max-image-preview":"max-image-preview:large","max-video-preview":"max-video-preview:-1"},"og_locale":"es_ES","og_type":"article","og_title":"Sonajero - elbazardejoaqui.com","og_description":"Sonajero peluche con aro mordedor","og_url":"https:\/\/www.elbazardejoaqui.com\/?product=copia-de-producto","og_site_name":"elbazardejoaqui.com","article_modified_time":"2024-12-26T09:59:57+00:00","og_image":[{"width":1385,"height":1600,"url":"http:\/\/www.elbazardejoaqui.com\/wp-content\/uploads\/2020\/11\/IMG-20201122-WA0013.jpg","type":"image\/jpeg"}],"twitter_card":"summary_large_image","twitter_misc":{"Tiempo de lectura":"1 minuto"},"schema":{"@context":"https:\/\/schema.org","@graph":[{"@type":"WebPage","@id":"https:\/\/www.elbazardejoaqui.com\/?product=copia-de-producto","url":"https:\/\/www.elbazardejoaqui.com\/?product=copia-de-producto","name":"Sonajero - elbazardejoaqui.com","isPartOf":{"@id":"https:\/\/www.elbazardejoaqui.com\/#website"},"primaryImageOfPage":{"@id":"https:\/\/www.elbazardejoaqui.com\/?product=copia-de-producto#primaryimage"},"image":{"@id":"https:\/\/www.elbazardejoaqui.com\/?product=copia-de-producto#primaryimage"},"thumbnailUrl":"https:\/\/www.elbazardejoaqui.com\/wp-content\/uploads\/2020\/11\/IMG-20201122-WA0013.jpg","datePublished":"2020-11-23T10:30:44+00:00","dateModified":"2024-12-26T09:59:57+00:00","description":"Sonajero peluche con aro mordedor","breadcrumb":{"@id":"https:\/\/www.elbazardejoaqui.com\/?product=copia-de-producto#breadcrumb"},"inLanguage":"es","potentialAction":[{"@type":"ReadAction","target":["https:\/\/www.elbazardejoaqui.com\/?product=copia-de-producto"]}]},{"@type":"ImageObject","inLanguage":"es","@id":"https:\/\/www.elbazardejoaqui.com\/?product=copia-de-producto#primaryimage","url":"https:\/\/www.elbazardejoaqui.com\/wp-content\/uploads\/2020\/11\/IMG-20201122-WA0013.jpg","contentUrl":"https:\/\/www.elbazardejoaqui.com\/wp-content\/uploads\/2020\/11\/IMG-20201122-WA0013.jpg","width":1385,"height":1600,"caption":"aro sonajero con osito de peluche"},{"@type":"BreadcrumbList","@id":"https:\/\/www.elbazardejoaqui.com\/?product=copia-de-producto#breadcrumb","itemListElement":[{"@type":"ListItem","position":1,"name":"Portada","item":"https:\/\/www.elbazardejoaqui.com\/"},{"@type":"ListItem","position":2,"name":"Tus productos","item":"https:\/\/www.elbazardejoaqui.com\/?page_id=376"},{"@type":"ListItem","position":3,"name":"Sonajero"}]},{"@type":"WebSite","@id":"https:\/\/www.elbazardejoaqui.com\/#website","url":"https:\/\/www.elbazardejoaqui.com\/","name":"elbazardejoaqui.com","description":"Droguer\u00eda, mercer\u00eda, papeler\u00eda, ropa de hogar, menaje, mascarillas, juguetes y mucho m\u00e1s","publisher":{"@id":"https:\/\/www.elbazardejoaqui.com\/#organization"},"potentialAction":[{"@type":"SearchAction","target":{"@type":"EntryPoint","urlTemplate":"https:\/\/www.elbazardejoaqui.com\/?s={search_term_string}"},"query-input":{"@type":"PropertyValueSpecification","valueRequired":true,"valueName":"search_term_string"}}],"inLanguage":"es"},{"@type":"Organization","@id":"https:\/\/www.elbazardejoaqui.com\/#organization","name":"Bazar Joaqui","url":"https:\/\/www.elbazardejoaqui.com\/","logo":{"@type":"ImageObject","inLanguage":"es","@id":"https:\/\/www.elbazardejoaqui.com\/#\/schema\/logo\/image\/","url":"https:\/\/www.elbazardejoaqui.com\/wp-content\/uploads\/2020\/12\/elbazarlogo.png","contentUrl":"https:\/\/www.elbazardejoaqui.com\/wp-content\/uploads\/2020\/12\/elbazarlogo.png","width":1129,"height":264,"caption":"Bazar Joaqui"},"image":{"@id":"https:\/\/www.elbazardejoaqui.com\/#\/schema\/logo\/image\/"}}]}},"_links":{"self":[{"href":"https:\/\/www.elbazardejoaqui.com\/index.php?rest_route=\/wp\/v2\/product\/384","targetHints":{"allow":["GET"]}}],"collection":[{"href":"https:\/\/www.elbazardejoaqui.com\/index.php?rest_route=\/wp\/v2\/product"}],"about":[{"href":"https:\/\/www.elbazardejoaqui.com\/index.php?rest_route=\/wp\/v2\/types\/product"}],"wp:featuredmedia":[{"embeddable":true,"href":"https:\/\/www.elbazardejoaqui.com\/index.php?rest_route=\/wp\/v2\/media\/366"}],"wp:attachment":[{"href":"https:\/\/www.elbazardejoaqui.com\/index.php?rest_route=%2Fwp%2Fv2%2Fmedia&parent=384"}],"wp:term":[{"taxonomy":"product_brand","embeddable":true,"href":"https:\/\/www.elbazardejoaqui.com\/index.php?rest_route=%2Fwp%2Fv2%2Fproduct_brand&post=384"},{"taxonomy":"product_cat","embeddable":true,"href":"https:\/\/www.elbazardejoaqui.com\/index.php?rest_route=%2Fwp%2Fv2%2Fproduct_cat&post=384"},{"taxonomy":"product_tag","embeddable":true,"href":"https:\/\/www.elbazardejoaqui.com\/index.php?rest_route=%2Fwp%2Fv2%2Fproduct_tag&post=384"}],"curies":[{"name":"wp","href":"https:\/\/api.w.org\/{rel}","templated":true}]}}